{"id":256,"date":"2020-08-25T18:17:58","date_gmt":"2020-08-25T18:17:58","guid":{"rendered":"http:\/\/sandalio.org\/sw\/?page_id=256"},"modified":"2021-07-19T07:46:04","modified_gmt":"2021-07-19T07:46:04","slug":"quienes-somos","status":"publish","type":"page","link":"https:\/\/sandalio.org\/sw\/quienes-somos\/","title":{"rendered":"\u00bfQUIENES SOMOS?"},"content":{"rendered":"<p>Bienvenidos\/as al\u00a0<em>website<\/em>\u00a0de Luis Campuzano, Sandalio. Este espacio web quiere presentar tanto las obras de Sandalio como la realidad de la Asociaci\u00f3n Camino de Fe y Esperanza que hace posible nuestra actividad principal de ACOGIDA DE PERSONAS.<\/p>\n<p>Como se puede ver el dominio <a class=\"md-opjjpmhoiojifppkkcdabiobhakljdgm_doc\" href=\"http:\/\/www.sandalio.org\/\">sandalio.org<\/a>\u00a0tiene como objetivo facilitar su b\u00fasqueda en Internet y en Redes Sociales. Lejos de un af\u00e1n de protagonismo del autor queremos ofrecer un espacio de acogida y b\u00fasqueda personal.<\/p>\n<p><img data-recalc-dims=\"1\" fetchpriority=\"high\" decoding=\"async\" data-attachment-id=\"243\" data-permalink=\"https:\/\/sandalio.org\/sw\/2020\/08\/25\/presentacion-de-la-web\/porsche-005\/\" data-orig-file=\"https:\/\/i0.wp.com\/sandalio.org\/sw\/wp-content\/uploads\/2020\/08\/porsche-005.jpg?fit=2048%2C1536&amp;ssl=1\" data-orig-size=\"2048,1536\" data-comments-opened=\"1\" data-image-meta=\"{&quot;aperture&quot;:&quot;0&quot;,&quot;credit&quot;:&quot;&quot;,&quot;camera&quot;:&quot;&quot;,&quot;caption&quot;:&quot;&quot;,&quot;created_timestamp&quot;:&quot;0&quot;,&quot;copyright&quot;:&quot;&quot;,&quot;focal_length&quot;:&quot;0&quot;,&quot;iso&quot;:&quot;0&quot;,&quot;shutter_speed&quot;:&quot;0&quot;,&quot;title&quot;:&quot;&quot;,&quot;orientation&quot;:&quot;0&quot;}\" data-image-title=\"porsche 005\" data-image-description=\"\" data-image-caption=\"\" data-large-file=\"https:\/\/i0.wp.com\/sandalio.org\/sw\/wp-content\/uploads\/2020\/08\/porsche-005.jpg?fit=800%2C600&amp;ssl=1\" class=\"aligncenter wp-image-243 size-large\" src=\"https:\/\/i0.wp.com\/sandalio.org\/sw\/wp-content\/uploads\/2020\/08\/porsche-005-1024x768.jpg?resize=800%2C600\" alt=\"\" width=\"800\" height=\"600\" srcset=\"https:\/\/i0.wp.com\/sandalio.org\/sw\/wp-content\/uploads\/2020\/08\/porsche-005.jpg?resize=1024%2C768&amp;ssl=1 1024w, https:\/\/i0.wp.com\/sandalio.org\/sw\/wp-content\/uploads\/2020\/08\/porsche-005.jpg?resize=300%2C225&amp;ssl=1 300w, https:\/\/i0.wp.com\/sandalio.org\/sw\/wp-content\/uploads\/2020\/08\/porsche-005.jpg?resize=768%2C576&amp;ssl=1 768w, https:\/\/i0.wp.com\/sandalio.org\/sw\/wp-content\/uploads\/2020\/08\/porsche-005.jpg?resize=1536%2C1152&amp;ssl=1 1536w, https:\/\/i0.wp.com\/sandalio.org\/sw\/wp-content\/uploads\/2020\/08\/porsche-005.jpg?w=2048&amp;ssl=1 2048w, https:\/\/i0.wp.com\/sandalio.org\/sw\/wp-content\/uploads\/2020\/08\/porsche-005.jpg?w=1600&amp;ssl=1 1600w\" sizes=\"(max-width: 800px) 100vw, 800px\" \/><\/p>\n<p>Esta acogida se refiere tanto a personas necesitadas con las que compartimos habitualmente nuestra vida, como a personas que quieren aclararse, crecer espiritualmente y desarrollar sus capacidades humanas y la b\u00fasqueda de su plenitud ayudando a los dem\u00e1s.<\/p>\n<p><img data-recalc-dims=\"1\" decoding=\"async\" data-attachment-id=\"242\" data-permalink=\"https:\/\/sandalio.org\/sw\/2020\/08\/25\/presentacion-de-la-web\/yalal-ad-din-muhammad-rumi\/\" data-orig-file=\"https:\/\/i0.wp.com\/sandalio.org\/sw\/wp-content\/uploads\/2020\/08\/yalal-ad-din-muhammad-rumi.jpg?fit=1137%2C1122&amp;ssl=1\" data-orig-size=\"1137,1122\" data-comments-opened=\"1\" data-image-meta=\"{&quot;aperture&quot;:&quot;0&quot;,&quot;credit&quot;:&quot;&quot;,&quot;camera&quot;:&quot;&quot;,&quot;caption&quot;:&quot;&quot;,&quot;created_timestamp&quot;:&quot;0&quot;,&quot;copyright&quot;:&quot;&quot;,&quot;focal_length&quot;:&quot;0&quot;,&quot;iso&quot;:&quot;0&quot;,&quot;shutter_speed&quot;:&quot;0&quot;,&quot;title&quot;:&quot;&quot;,&quot;orientation&quot;:&quot;0&quot;}\" data-image-title=\"yalal-ad-din-muhammad-rumi\" data-image-description=\"\" data-image-caption=\"\" data-large-file=\"https:\/\/i0.wp.com\/sandalio.org\/sw\/wp-content\/uploads\/2020\/08\/yalal-ad-din-muhammad-rumi.jpg?fit=800%2C789&amp;ssl=1\" class=\"size-medium wp-image-242 alignright\" src=\"https:\/\/i0.wp.com\/sandalio.org\/sw\/wp-content\/uploads\/2020\/08\/yalal-ad-din-muhammad-rumi-300x296.jpg?resize=300%2C296\" alt=\"\" width=\"300\" height=\"296\" srcset=\"https:\/\/i0.wp.com\/sandalio.org\/sw\/wp-content\/uploads\/2020\/08\/yalal-ad-din-muhammad-rumi.jpg?resize=300%2C296&amp;ssl=1 300w, https:\/\/i0.wp.com\/sandalio.org\/sw\/wp-content\/uploads\/2020\/08\/yalal-ad-din-muhammad-rumi.jpg?resize=1024%2C1010&amp;ssl=1 1024w, https:\/\/i0.wp.com\/sandalio.org\/sw\/wp-content\/uploads\/2020\/08\/yalal-ad-din-muhammad-rumi.jpg?resize=768%2C758&amp;ssl=1 768w, https:\/\/i0.wp.com\/sandalio.org\/sw\/wp-content\/uploads\/2020\/08\/yalal-ad-din-muhammad-rumi.jpg?w=1137&amp;ssl=1 1137w\" sizes=\"(max-width: 300px) 100vw, 300px\" \/>Nos identificamos completamente con este poema de Jalaluddin Rum\u00ed que expresa perfectamente la actitud que queremos mantener ante la principal tarea de nuestra vida:\u00a0<strong>la hospitalidad<\/strong>.<\/p>\n<p>&nbsp;<\/p>\n<p style=\"padding-left: 40px;\"><strong><em>\u201c<\/em><\/strong><strong><em>Cada ser humano es una posada<\/em><\/strong><\/p>\n<p style=\"padding-left: 40px;\"><strong><em>que a diario recibe la inesperada visita<\/em><\/strong><\/p>\n<p style=\"padding-left: 40px;\"><strong><em>de un nuevo hu\u00e9sped.<\/em><\/strong><\/p>\n<p style=\"padding-left: 40px;\"><strong><em>Y cada reci\u00e9n llegado porta consigo<\/em><\/strong><\/p>\n<p style=\"padding-left: 40px;\"><strong><em>alegr\u00edas, tristezas, mezquindades<\/em><\/strong><\/p>\n<p style=\"padding-left: 40px;\"><strong><em>y un despertar insospechado.<\/em><\/strong><\/p>\n<p style=\"padding-left: 40px;\"><strong>\u00a0<\/strong><\/p>\n<p style=\"padding-left: 40px;\"><strong><em>Dales a todos la bienvenida y agas\u00e1jalos,<\/em><\/strong><\/p>\n<p style=\"padding-left: 40px;\"><strong><em>aunque traigan consigo un vendaval de sufrimiento<\/em><\/strong><\/p>\n<p style=\"padding-left: 40px;\"><strong><em>que arrase violentamente tu casa<\/em><\/strong><\/p>\n<p style=\"padding-left: 40px;\"><strong><em>y la despoje de todos sus enseres.<\/em><\/strong><\/p>\n<p style=\"padding-left: 40px;\"><strong><em>Acoge amablemente a todo hu\u00e9sped<\/em><\/strong><\/p>\n<p style=\"padding-left: 40px;\"><strong><em>porque ignoras qui\u00e9n ser\u00e1 el mensajero<\/em><\/strong><\/p>\n<p style=\"padding-left: 40px;\"><strong><em>de las nuevas alegr\u00edas.<\/em><\/strong><\/p>\n<p style=\"padding-left: 40px;\"><strong>\u00a0<\/strong><\/p>\n<p style=\"padding-left: 40px;\"><strong><em>Abre los brazos<\/em><\/strong><\/p>\n<p style=\"padding-left: 40px;\"><strong><em>a todo pensamiento oscuro, a la verg\u00fcenza<\/em><\/strong><\/p>\n<p style=\"padding-left: 40px;\"><strong><em>y a la malicia, e inv\u00edtales a entrar.<\/em><\/strong><\/p>\n<p style=\"padding-left: 40px;\"><strong><em>Y no olvides dar las gracias a quien llame a tu puerta<\/em><\/strong><\/p>\n<p style=\"padding-left: 40px;\"><strong><em>porque todos portan consigo un mensaje del infinito\u201d.<\/em><\/strong><\/p>\n<p>Si tienes tiempo para ver un video muy familiar que recoge lo m\u00e1s esencial de c\u00f3mo se ha construido materialmente nuestra casa y c\u00f3mo se van haciendo realidad nuestros sue\u00f1os. (20:05 min.)<\/p>\n<p style=\"text-align: center;\"><iframe src=\"https:\/\/www.youtube.com\/embed\/b9oG4aD1pjA\" width=\"560\" height=\"315\" frameborder=\"0\" allowfullscreen=\"allowfullscreen\"><\/iframe><\/p>\n<p>Si quieres saber m\u00e1s sobre la <strong>escuela de hospitalidad<\/strong> que ofrecemos a aquellos que quieren conocer nuestra experiencia y otra forma de contemplar la vida, <a href=\"https:\/\/sandalio.org\/sw\/aire-puro\/\">[pincha aqu\u00ed]<\/a><\/p>\n","protected":false},"excerpt":{"rendered":"<p>Bienvenidos\/as al\u00a0website\u00a0de Luis Campuzano, Sandalio. Este espacio web quiere presentar tanto las obras de Sandalio como la realidad de la Asociaci\u00f3n Camino de Fe y Esperanza que hace posible nuestra actividad principal de ACOGIDA DE PERSONAS. Como se puede ver el dominio sandalio.org\u00a0tiene como objetivo facilitar su b\u00fasqueda en Internet y en Redes Sociales. Lejos [&hellip;]<\/p>\n","protected":false},"author":1,"featured_media":271,"parent":0,"menu_order":0,"comment_status":"closed","ping_status":"closed","template":"","meta":{"jetpack_post_was_ever_published":false,"footnotes":""},"class_list":["post-256","page","type-page","status-publish","has-post-thumbnail","hentry"],"yoast_head":"<!-- This site is optimized with the Yoast SEO plugin v27.5 - https:\/\/yoast.com\/product\/yoast-seo-wordpress\/ -->\n<title>\u00bfQUIENES SOMOS? - SANDALIO WEBSITE<\/title>\n<meta name=\"robots\" content=\"index, follow, max-snippet:-1, max-image-preview:large, max-video-preview:-1\" \/>\n<link rel=\"canonical\" href=\"https:\/\/sandalio.org\/sw\/quienes-somos\/\" \/>\n<meta property=\"og:locale\" content=\"es_ES\" \/>\n<meta property=\"og:type\" content=\"article\" \/>\n<meta property=\"og:title\" content=\"\u00bfQUIENES SOMOS? - SANDALIO WEBSITE\" \/>\n<meta property=\"og:description\" content=\"Bienvenidos\/as al\u00a0website\u00a0de Luis Campuzano, Sandalio. Este espacio web quiere presentar tanto las obras de Sandalio como la realidad de la Asociaci\u00f3n Camino de Fe y Esperanza que hace posible nuestra actividad principal de ACOGIDA DE PERSONAS. Como se puede ver el dominio sandalio.org\u00a0tiene como objetivo facilitar su b\u00fasqueda en Internet y en Redes Sociales. Lejos [&hellip;]\" \/>\n<meta property=\"og:url\" content=\"https:\/\/sandalio.org\/sw\/quienes-somos\/\" \/>\n<meta property=\"og:site_name\" content=\"SANDALIO WEBSITE\" \/>\n<meta property=\"article:modified_time\" content=\"2021-07-19T07:46:04+00:00\" \/>\n<meta property=\"og:image\" content=\"https:\/\/i0.wp.com\/sandalio.org\/sw\/wp-content\/uploads\/2020\/08\/4-frase-dintel-scaled.jpg?fit=2560%2C1920&ssl=1\" \/>\n\t<meta property=\"og:image:width\" content=\"2560\" \/>\n\t<meta property=\"og:image:height\" content=\"1920\" \/>\n\t<meta property=\"og:image:type\" content=\"image\/jpeg\" \/>\n<meta name=\"twitter:card\" content=\"summary_large_image\" \/>\n<meta name=\"twitter:label1\" content=\"Tiempo de lectura\" \/>\n\t<meta name=\"twitter:data1\" content=\"2 minutos\" \/>\n<script type=\"application\/ld+json\" class=\"yoast-schema-graph\">{\"@context\":\"https:\\\/\\\/schema.org\",\"@graph\":[{\"@type\":\"WebPage\",\"@id\":\"https:\\\/\\\/sandalio.org\\\/sw\\\/quienes-somos\\\/\",\"url\":\"https:\\\/\\\/sandalio.org\\\/sw\\\/quienes-somos\\\/\",\"name\":\"\u00bfQUIENES SOMOS? - SANDALIO WEBSITE\",\"isPartOf\":{\"@id\":\"https:\\\/\\\/sandalio.org\\\/sw\\\/#website\"},\"primaryImageOfPage\":{\"@id\":\"https:\\\/\\\/sandalio.org\\\/sw\\\/quienes-somos\\\/#primaryimage\"},\"image\":{\"@id\":\"https:\\\/\\\/sandalio.org\\\/sw\\\/quienes-somos\\\/#primaryimage\"},\"thumbnailUrl\":\"https:\\\/\\\/i0.wp.com\\\/sandalio.org\\\/sw\\\/wp-content\\\/uploads\\\/2020\\\/08\\\/4-frase-dintel-scaled.jpg?fit=2560%2C1920&ssl=1\",\"datePublished\":\"2020-08-25T18:17:58+00:00\",\"dateModified\":\"2021-07-19T07:46:04+00:00\",\"breadcrumb\":{\"@id\":\"https:\\\/\\\/sandalio.org\\\/sw\\\/quienes-somos\\\/#breadcrumb\"},\"inLanguage\":\"es\",\"potentialAction\":[{\"@type\":\"ReadAction\",\"target\":[\"https:\\\/\\\/sandalio.org\\\/sw\\\/quienes-somos\\\/\"]}]},{\"@type\":\"ImageObject\",\"inLanguage\":\"es\",\"@id\":\"https:\\\/\\\/sandalio.org\\\/sw\\\/quienes-somos\\\/#primaryimage\",\"url\":\"https:\\\/\\\/i0.wp.com\\\/sandalio.org\\\/sw\\\/wp-content\\\/uploads\\\/2020\\\/08\\\/4-frase-dintel-scaled.jpg?fit=2560%2C1920&ssl=1\",\"contentUrl\":\"https:\\\/\\\/i0.wp.com\\\/sandalio.org\\\/sw\\\/wp-content\\\/uploads\\\/2020\\\/08\\\/4-frase-dintel-scaled.jpg?fit=2560%2C1920&ssl=1\",\"width\":2560,\"height\":1920},{\"@type\":\"BreadcrumbList\",\"@id\":\"https:\\\/\\\/sandalio.org\\\/sw\\\/quienes-somos\\\/#breadcrumb\",\"itemListElement\":[{\"@type\":\"ListItem\",\"position\":1,\"name\":\"Portada\",\"item\":\"https:\\\/\\\/sandalio.org\\\/sw\\\/\"},{\"@type\":\"ListItem\",\"position\":2,\"name\":\"\u00bfQUIENES SOMOS?\"}]},{\"@type\":\"WebSite\",\"@id\":\"https:\\\/\\\/sandalio.org\\\/sw\\\/#website\",\"url\":\"https:\\\/\\\/sandalio.org\\\/sw\\\/\",\"name\":\"SANDALIO WEBSITE\",\"description\":\"SANDALIO - LU\u00cdS CAMPUZANO\",\"publisher\":{\"@id\":\"https:\\\/\\\/sandalio.org\\\/sw\\\/#organization\"},\"potentialAction\":[{\"@type\":\"SearchAction\",\"target\":{\"@type\":\"EntryPoint\",\"urlTemplate\":\"https:\\\/\\\/sandalio.org\\\/sw\\\/?s={search_term_string}\"},\"query-input\":{\"@type\":\"PropertyValueSpecification\",\"valueRequired\":true,\"valueName\":\"search_term_string\"}}],\"inLanguage\":\"es\"},{\"@type\":\"Organization\",\"@id\":\"https:\\\/\\\/sandalio.org\\\/sw\\\/#organization\",\"name\":\"SANDALIO WEBSITE\",\"url\":\"https:\\\/\\\/sandalio.org\\\/sw\\\/\",\"logo\":{\"@type\":\"ImageObject\",\"inLanguage\":\"es\",\"@id\":\"https:\\\/\\\/sandalio.org\\\/sw\\\/#\\\/schema\\\/logo\\\/image\\\/\",\"url\":\"https:\\\/\\\/i0.wp.com\\\/sandalio.org\\\/sw\\\/wp-content\\\/uploads\\\/2019\\\/01\\\/logoasociacion_cdfye_web.png?fit=600%2C597&ssl=1\",\"contentUrl\":\"https:\\\/\\\/i0.wp.com\\\/sandalio.org\\\/sw\\\/wp-content\\\/uploads\\\/2019\\\/01\\\/logoasociacion_cdfye_web.png?fit=600%2C597&ssl=1\",\"width\":600,\"height\":597,\"caption\":\"SANDALIO WEBSITE\"},\"image\":{\"@id\":\"https:\\\/\\\/sandalio.org\\\/sw\\\/#\\\/schema\\\/logo\\\/image\\\/\"}}]}<\/script>\n<!-- \/ Yoast SEO plugin. -->","yoast_head_json":{"title":"\u00bfQUIENES SOMOS? - SANDALIO WEBSITE","robots":{"index":"index","follow":"follow","max-snippet":"max-snippet:-1","max-image-preview":"max-image-preview:large","max-video-preview":"max-video-preview:-1"},"canonical":"https:\/\/sandalio.org\/sw\/quienes-somos\/","og_locale":"es_ES","og_type":"article","og_title":"\u00bfQUIENES SOMOS? - SANDALIO WEBSITE","og_description":"Bienvenidos\/as al\u00a0website\u00a0de Luis Campuzano, Sandalio. Este espacio web quiere presentar tanto las obras de Sandalio como la realidad de la Asociaci\u00f3n Camino de Fe y Esperanza que hace posible nuestra actividad principal de ACOGIDA DE PERSONAS. Como se puede ver el dominio sandalio.org\u00a0tiene como objetivo facilitar su b\u00fasqueda en Internet y en Redes Sociales. Lejos [&hellip;]","og_url":"https:\/\/sandalio.org\/sw\/quienes-somos\/","og_site_name":"SANDALIO WEBSITE","article_modified_time":"2021-07-19T07:46:04+00:00","og_image":[{"width":2560,"height":1920,"url":"https:\/\/i0.wp.com\/sandalio.org\/sw\/wp-content\/uploads\/2020\/08\/4-frase-dintel-scaled.jpg?fit=2560%2C1920&ssl=1","type":"image\/jpeg"}],"twitter_card":"summary_large_image","twitter_misc":{"Tiempo de lectura":"2 minutos"},"schema":{"@context":"https:\/\/schema.org","@graph":[{"@type":"WebPage","@id":"https:\/\/sandalio.org\/sw\/quienes-somos\/","url":"https:\/\/sandalio.org\/sw\/quienes-somos\/","name":"\u00bfQUIENES SOMOS? - SANDALIO WEBSITE","isPartOf":{"@id":"https:\/\/sandalio.org\/sw\/#website"},"primaryImageOfPage":{"@id":"https:\/\/sandalio.org\/sw\/quienes-somos\/#primaryimage"},"image":{"@id":"https:\/\/sandalio.org\/sw\/quienes-somos\/#primaryimage"},"thumbnailUrl":"https:\/\/i0.wp.com\/sandalio.org\/sw\/wp-content\/uploads\/2020\/08\/4-frase-dintel-scaled.jpg?fit=2560%2C1920&ssl=1","datePublished":"2020-08-25T18:17:58+00:00","dateModified":"2021-07-19T07:46:04+00:00","breadcrumb":{"@id":"https:\/\/sandalio.org\/sw\/quienes-somos\/#breadcrumb"},"inLanguage":"es","potentialAction":[{"@type":"ReadAction","target":["https:\/\/sandalio.org\/sw\/quienes-somos\/"]}]},{"@type":"ImageObject","inLanguage":"es","@id":"https:\/\/sandalio.org\/sw\/quienes-somos\/#primaryimage","url":"https:\/\/i0.wp.com\/sandalio.org\/sw\/wp-content\/uploads\/2020\/08\/4-frase-dintel-scaled.jpg?fit=2560%2C1920&ssl=1","contentUrl":"https:\/\/i0.wp.com\/sandalio.org\/sw\/wp-content\/uploads\/2020\/08\/4-frase-dintel-scaled.jpg?fit=2560%2C1920&ssl=1","width":2560,"height":1920},{"@type":"BreadcrumbList","@id":"https:\/\/sandalio.org\/sw\/quienes-somos\/#breadcrumb","itemListElement":[{"@type":"ListItem","position":1,"name":"Portada","item":"https:\/\/sandalio.org\/sw\/"},{"@type":"ListItem","position":2,"name":"\u00bfQUIENES SOMOS?"}]},{"@type":"WebSite","@id":"https:\/\/sandalio.org\/sw\/#website","url":"https:\/\/sandalio.org\/sw\/","name":"SANDALIO WEBSITE","description":"SANDALIO - LU\u00cdS CAMPUZANO","publisher":{"@id":"https:\/\/sandalio.org\/sw\/#organization"},"potentialAction":[{"@type":"SearchAction","target":{"@type":"EntryPoint","urlTemplate":"https:\/\/sandalio.org\/sw\/?s={search_term_string}"},"query-input":{"@type":"PropertyValueSpecification","valueRequired":true,"valueName":"search_term_string"}}],"inLanguage":"es"},{"@type":"Organization","@id":"https:\/\/sandalio.org\/sw\/#organization","name":"SANDALIO WEBSITE","url":"https:\/\/sandalio.org\/sw\/","logo":{"@type":"ImageObject","inLanguage":"es","@id":"https:\/\/sandalio.org\/sw\/#\/schema\/logo\/image\/","url":"https:\/\/i0.wp.com\/sandalio.org\/sw\/wp-content\/uploads\/2019\/01\/logoasociacion_cdfye_web.png?fit=600%2C597&ssl=1","contentUrl":"https:\/\/i0.wp.com\/sandalio.org\/sw\/wp-content\/uploads\/2019\/01\/logoasociacion_cdfye_web.png?fit=600%2C597&ssl=1","width":600,"height":597,"caption":"SANDALIO WEBSITE"},"image":{"@id":"https:\/\/sandalio.org\/sw\/#\/schema\/logo\/image\/"}}]}},"jetpack_sharing_enabled":true,"jetpack_shortlink":"https:\/\/wp.me\/PabpdT-48","jetpack-related-posts":[{"id":659,"url":"https:\/\/sandalio.org\/sw\/escuela-de-espiritualidad\/","url_meta":{"origin":256,"position":0},"title":"ESCUELA DE ESPIRITUALIDAD","author":"kalonso","date":"18 marzo, 2021","format":false,"excerpt":"S\u00cdNTESIS Si tuviera que sintetizar la funci\u00f3n de esta Escuela podr\u00eda decir que es la ense\u00f1anza de una espiritualidad aut\u00e9nticamente universal y para el tiempo presente, que no se encuentre condicionada por determinada cultura, religi\u00f3n, tradiciones o tendencias. Leer m\u00e1s... ESPIRITUALIDAD UNA ESCUELA PARA GRUPOS Cuando son grupos homog\u00e9neos (peque\u00f1os\u2026","rel":"","context":"Entrada similar","block_context":{"text":"Entrada similar","link":""},"img":{"alt_text":"","src":"https:\/\/i0.wp.com\/sandalio.org\/sw\/wp-content\/uploads\/2021\/03\/zen-stones-scaled-e1616091831352.jpg?fit=1200%2C369&ssl=1&resize=350%2C200","width":350,"height":200,"srcset":"https:\/\/i0.wp.com\/sandalio.org\/sw\/wp-content\/uploads\/2021\/03\/zen-stones-scaled-e1616091831352.jpg?fit=1200%2C369&ssl=1&resize=350%2C200 1x, https:\/\/i0.wp.com\/sandalio.org\/sw\/wp-content\/uploads\/2021\/03\/zen-stones-scaled-e1616091831352.jpg?fit=1200%2C369&ssl=1&resize=525%2C300 1.5x, https:\/\/i0.wp.com\/sandalio.org\/sw\/wp-content\/uploads\/2021\/03\/zen-stones-scaled-e1616091831352.jpg?fit=1200%2C369&ssl=1&resize=700%2C400 2x, https:\/\/i0.wp.com\/sandalio.org\/sw\/wp-content\/uploads\/2021\/03\/zen-stones-scaled-e1616091831352.jpg?fit=1200%2C369&ssl=1&resize=1050%2C600 3x"},"classes":[]},{"id":28,"url":"https:\/\/sandalio.org\/sw\/aire-puro\/","url_meta":{"origin":256,"position":1},"title":"AIRE PURO","author":"kalonso","date":"4 enero, 2019","format":false,"excerpt":"En nuestro mundo occidental hay -en muchas personas- una gran necesidad de recuperar el esp\u00edritu y elevarse hacia las cumbres de la vida, para mirar desde otra perspectiva los acontecimientos que ocurren a nuestro alrededor y en nuestra propia realidad. Esta necesidad se hace m\u00e1s dif\u00edcil de satisfacer cuanto m\u00e1s\u2026","rel":"","context":"Entrada similar","block_context":{"text":"Entrada similar","link":""},"img":{"alt_text":"","src":"https:\/\/i0.wp.com\/sandalio.org\/sw\/wp-content\/uploads\/2020\/08\/airepuro.jpg?fit=1200%2C764&ssl=1&resize=350%2C200","width":350,"height":200,"srcset":"https:\/\/i0.wp.com\/sandalio.org\/sw\/wp-content\/uploads\/2020\/08\/airepuro.jpg?fit=1200%2C764&ssl=1&resize=350%2C200 1x, https:\/\/i0.wp.com\/sandalio.org\/sw\/wp-content\/uploads\/2020\/08\/airepuro.jpg?fit=1200%2C764&ssl=1&resize=525%2C300 1.5x, https:\/\/i0.wp.com\/sandalio.org\/sw\/wp-content\/uploads\/2020\/08\/airepuro.jpg?fit=1200%2C764&ssl=1&resize=700%2C400 2x, https:\/\/i0.wp.com\/sandalio.org\/sw\/wp-content\/uploads\/2020\/08\/airepuro.jpg?fit=1200%2C764&ssl=1&resize=1050%2C600 3x"},"classes":[]},{"id":614,"url":"https:\/\/sandalio.org\/sw\/para-aprendices-y-buscadores-compartir-experiencias\/","url_meta":{"origin":256,"position":2},"title":"Para APRENDICES Y BUSCADORES: compartir experiencias\u200b","author":"kalonso","date":"18 marzo, 2021","format":false,"excerpt":"\"LO QUE NO VALE PARA TODOS... REALMENTE VALE MUY POCO\" La experiencia nos dice que la sociedad actual, por lo menos en esta cultura occidental que nos ha tocado vivir, ha desplegado todos sus recursos para vaciar a los seres humanos de su propia\u00a0IDENTIDAD, donde radica su\u00a0autenticidad\u00a0y su\u00a0fuerza,\u00a0y convertirlos en\u2026","rel":"","context":"Entrada similar","block_context":{"text":"Entrada similar","link":""},"img":{"alt_text":"","src":"https:\/\/i0.wp.com\/sandalio.org\/sw\/wp-content\/uploads\/2021\/03\/buscador-scaled.jpg?fit=1200%2C800&ssl=1&resize=350%2C200","width":350,"height":200,"srcset":"https:\/\/i0.wp.com\/sandalio.org\/sw\/wp-content\/uploads\/2021\/03\/buscador-scaled.jpg?fit=1200%2C800&ssl=1&resize=350%2C200 1x, https:\/\/i0.wp.com\/sandalio.org\/sw\/wp-content\/uploads\/2021\/03\/buscador-scaled.jpg?fit=1200%2C800&ssl=1&resize=525%2C300 1.5x, https:\/\/i0.wp.com\/sandalio.org\/sw\/wp-content\/uploads\/2021\/03\/buscador-scaled.jpg?fit=1200%2C800&ssl=1&resize=700%2C400 2x, https:\/\/i0.wp.com\/sandalio.org\/sw\/wp-content\/uploads\/2021\/03\/buscador-scaled.jpg?fit=1200%2C800&ssl=1&resize=1050%2C600 3x"},"classes":[]},{"id":616,"url":"https:\/\/sandalio.org\/sw\/recursos-de-la-escuela-de-espiritualidad\/","url_meta":{"origin":256,"position":3},"title":"RECURSOS DE LA ESCUELA DE ESPIRITUALIDAD","author":"kalonso","date":"18 marzo, 2021","format":false,"excerpt":"Se ir\u00e1n a\u00f1adiendo m\u00e1s poco a poco... AUDIO-LIBROS:Serie de 4 cintas dialogadas con canciones y m\u00fasica intercaladas para despertar y alimentar la inquietud espiritual, ofrecer pautas para el camino de b\u00fasqueda de autenticidad y caminar hacia la comunidad. 1.- \u201cAmigo...\u00bfA d\u00f3nde vas?\u201dPrimera de la serie, dirigida a pararse y pensar\u2026","rel":"","context":"Entrada similar","block_context":{"text":"Entrada similar","link":""},"img":{"alt_text":"","src":"https:\/\/i0.wp.com\/sandalio.org\/sw\/wp-content\/uploads\/2021\/03\/LAPICES-scaled.jpg?fit=1200%2C577&ssl=1&resize=350%2C200","width":350,"height":200,"srcset":"https:\/\/i0.wp.com\/sandalio.org\/sw\/wp-content\/uploads\/2021\/03\/LAPICES-scaled.jpg?fit=1200%2C577&ssl=1&resize=350%2C200 1x, https:\/\/i0.wp.com\/sandalio.org\/sw\/wp-content\/uploads\/2021\/03\/LAPICES-scaled.jpg?fit=1200%2C577&ssl=1&resize=525%2C300 1.5x, https:\/\/i0.wp.com\/sandalio.org\/sw\/wp-content\/uploads\/2021\/03\/LAPICES-scaled.jpg?fit=1200%2C577&ssl=1&resize=700%2C400 2x, https:\/\/i0.wp.com\/sandalio.org\/sw\/wp-content\/uploads\/2021\/03\/LAPICES-scaled.jpg?fit=1200%2C577&ssl=1&resize=1050%2C600 3x"},"classes":[]},{"id":357,"url":"https:\/\/sandalio.org\/sw\/escuela-de-hospitalidad\/","url_meta":{"origin":256,"position":4},"title":"ESCUELA DE HOSPITALIDAD","author":"kalonso","date":"10 diciembre, 2020","format":false,"excerpt":"AIRE PURO En nuestro mundo occidental hay -en muchas personas- una gran necesidad de recuperar el esp\u00edritu y elevarse hacia las cumbres de la vida, para mirar desde otra perspectiva los acontecimientos que ocurren a nuestro alrededor y en nuestra propia realidad. Leer m\u00e1s... ATENCI\u00d3N A LOS N\u00c1UFRAGOS En nuestro\u2026","rel":"","context":"Entrada similar","block_context":{"text":"Entrada similar","link":""},"img":{"alt_text":"","src":"https:\/\/i0.wp.com\/sandalio.org\/sw\/wp-content\/uploads\/2021\/03\/manos-e1616101290470.jpg?fit=1200%2C189&ssl=1&resize=350%2C200","width":350,"height":200,"srcset":"https:\/\/i0.wp.com\/sandalio.org\/sw\/wp-content\/uploads\/2021\/03\/manos-e1616101290470.jpg?fit=1200%2C189&ssl=1&resize=350%2C200 1x, https:\/\/i0.wp.com\/sandalio.org\/sw\/wp-content\/uploads\/2021\/03\/manos-e1616101290470.jpg?fit=1200%2C189&ssl=1&resize=525%2C300 1.5x, https:\/\/i0.wp.com\/sandalio.org\/sw\/wp-content\/uploads\/2021\/03\/manos-e1616101290470.jpg?fit=1200%2C189&ssl=1&resize=700%2C400 2x, https:\/\/i0.wp.com\/sandalio.org\/sw\/wp-content\/uploads\/2021\/03\/manos-e1616101290470.jpg?fit=1200%2C189&ssl=1&resize=1050%2C600 3x"},"classes":[]},{"id":111,"url":"https:\/\/sandalio.org\/sw\/","url_meta":{"origin":256,"position":5},"title":"INICIO","author":"kalonso","date":"11 agosto, 2019","format":false,"excerpt":"Anterior Siguiente Bienvenido\/a a p\u00e1gina web de Sandalio.org En esta p\u00e1gina de inicio de Sandalio.org, encontrar\u00e1s un completo recorrido por todas las actividades y proyectos que llevamos a cabo en la Asociaci\u00f3n Camino de Fe y Esperanza. Nuestra asociaci\u00f3n, con sede en Lloreda de Cay\u00f3n, est\u00e1 comprometida con la construcci\u00f3n\u2026","rel":"","context":"Entrada similar","block_context":{"text":"Entrada similar","link":""},"img":{"alt_text":"","src":"https:\/\/i0.wp.com\/sandalio.org\/sw\/wp-content\/uploads\/2019\/01\/DSC9500.jpg?fit=1200%2C797&ssl=1&resize=350%2C200","width":350,"height":200,"srcset":"https:\/\/i0.wp.com\/sandalio.org\/sw\/wp-content\/uploads\/2019\/01\/DSC9500.jpg?fit=1200%2C797&ssl=1&resize=350%2C200 1x, https:\/\/i0.wp.com\/sandalio.org\/sw\/wp-content\/uploads\/2019\/01\/DSC9500.jpg?fit=1200%2C797&ssl=1&resize=525%2C300 1.5x, https:\/\/i0.wp.com\/sandalio.org\/sw\/wp-content\/uploads\/2019\/01\/DSC9500.jpg?fit=1200%2C797&ssl=1&resize=700%2C400 2x, https:\/\/i0.wp.com\/sandalio.org\/sw\/wp-content\/uploads\/2019\/01\/DSC9500.jpg?fit=1200%2C797&ssl=1&resize=1050%2C600 3x"},"classes":[]}],"_links":{"self":[{"href":"https:\/\/sandalio.org\/sw\/wp-json\/wp\/v2\/pages\/256","targetHints":{"allow":["GET"]}}],"collection":[{"href":"https:\/\/sandalio.org\/sw\/wp-json\/wp\/v2\/pages"}],"about":[{"href":"https:\/\/sandalio.org\/sw\/wp-json\/wp\/v2\/types\/page"}],"author":[{"embeddable":true,"href":"https:\/\/sandalio.org\/sw\/wp-json\/wp\/v2\/users\/1"}],"replies":[{"embeddable":true,"href":"https:\/\/sandalio.org\/sw\/wp-json\/wp\/v2\/comments?post=256"}],"version-history":[{"count":7,"href":"https:\/\/sandalio.org\/sw\/wp-json\/wp\/v2\/pages\/256\/revisions"}],"predecessor-version":[{"id":722,"href":"https:\/\/sandalio.org\/sw\/wp-json\/wp\/v2\/pages\/256\/revisions\/722"}],"wp:featuredmedia":[{"embeddable":true,"href":"https:\/\/sandalio.org\/sw\/wp-json\/wp\/v2\/media\/271"}],"wp:attachment":[{"href":"https:\/\/sandalio.org\/sw\/wp-json\/wp\/v2\/media?parent=256"}],"curies":[{"name":"wp","href":"https:\/\/api.w.org\/{rel}","templated":true}]}}