{"id":28,"date":"2019-01-04T10:10:27","date_gmt":"2019-01-04T10:10:27","guid":{"rendered":"http:\/\/sandalio.org\/sw\/?page_id=28"},"modified":"2020-08-25T21:47:55","modified_gmt":"2020-08-25T21:47:55","slug":"aire-puro","status":"publish","type":"page","link":"https:\/\/sandalio.org\/sw\/aire-puro\/","title":{"rendered":"AIRE PURO"},"content":{"rendered":"<p>En nuestro mundo occidental hay -en muchas personas- <strong>una gran necesidad de recuperar el esp\u00edritu y elevarse hacia las cumbres de la vida, para mirar desde otra perspectiva los acontecimientos que ocurren a nuestro alrededor y en nuestra propia realidad.<\/strong><\/p>\n<p>Esta necesidad se hace m\u00e1s dif\u00edcil de satisfacer cuanto m\u00e1s atrapados nos sentimos por el materialismo que nos rodea y la deshumanizaci\u00f3n y p\u00e9rdida de valores de una civilizaci\u00f3n occidental que pretende ser ejemplar para otros grupos humanos, culturas y naciones cuando ella misma, sin embargo, se ha dejado corromper y violar encanalladamente por la praxis inmoral de empresas transnacionales,\u00a0 instituciones financieras y pol\u00edticos-marionetas y \u00a0serviles que <strong>han convertido nuestro mundo en un campo de batalla disfrazado de serio y \u201cdigno\u201d carnaval, donde los sobrantes son eliminados sin ning\u00fan rubor mientras que los solidarios, que intentan ayudar a las v\u00edctimas, son criminalizados y perseguidos <\/strong>por dichas instituciones carnavalescas y sus disfrazadas, rid\u00edculas y obscenas autoridades.<\/p>\n<p><img data-recalc-dims=\"1\" fetchpriority=\"high\" decoding=\"async\" data-attachment-id=\"270\" data-permalink=\"https:\/\/sandalio.org\/sw\/aire-puro\/usa-ddhh-violations\/\" data-orig-file=\"https:\/\/i0.wp.com\/sandalio.org\/sw\/wp-content\/uploads\/2020\/08\/usa-ddhh-violations.png?fit=600%2C437&amp;ssl=1\" data-orig-size=\"600,437\" data-comments-opened=\"1\" data-image-meta=\"{&quot;aperture&quot;:&quot;0&quot;,&quot;credit&quot;:&quot;&quot;,&quot;camera&quot;:&quot;&quot;,&quot;caption&quot;:&quot;&quot;,&quot;created_timestamp&quot;:&quot;0&quot;,&quot;copyright&quot;:&quot;&quot;,&quot;focal_length&quot;:&quot;0&quot;,&quot;iso&quot;:&quot;0&quot;,&quot;shutter_speed&quot;:&quot;0&quot;,&quot;title&quot;:&quot;&quot;,&quot;orientation&quot;:&quot;0&quot;}\" data-image-title=\"usa-ddhh-violations\" data-image-description=\"\" data-image-caption=\"\" data-large-file=\"https:\/\/i0.wp.com\/sandalio.org\/sw\/wp-content\/uploads\/2020\/08\/usa-ddhh-violations.png?fit=600%2C437&amp;ssl=1\" class=\"size-medium wp-image-270 alignleft\" src=\"https:\/\/i0.wp.com\/sandalio.org\/sw\/wp-content\/uploads\/2020\/08\/usa-ddhh-violations-300x219.png?resize=300%2C219\" alt=\"\" width=\"300\" height=\"219\" srcset=\"https:\/\/i0.wp.com\/sandalio.org\/sw\/wp-content\/uploads\/2020\/08\/usa-ddhh-violations.png?resize=300%2C219&amp;ssl=1 300w, https:\/\/i0.wp.com\/sandalio.org\/sw\/wp-content\/uploads\/2020\/08\/usa-ddhh-violations.png?w=600&amp;ssl=1 600w\" sizes=\"(max-width: 300px) 100vw, 300px\" \/><\/p>\n<p>Si todav\u00eda te queda un resto de humanidad y una semilla de indignaci\u00f3n y rebeld\u00eda contra semejante disparate y quieres compartir con nosotros tus deseos de entregar tu vida para hacer un mundo m\u00e1s humano, tal vez te interese <strong>AIRE PURO<\/strong>.<\/p>\n<p><strong><img data-recalc-dims=\"1\" decoding=\"async\" data-attachment-id=\"273\" data-permalink=\"https:\/\/sandalio.org\/sw\/aire-puro\/img-20180321-wa0053\/\" data-orig-file=\"https:\/\/i0.wp.com\/sandalio.org\/sw\/wp-content\/uploads\/2020\/08\/IMG-20180321-WA0053.jpg?fit=425%2C631&amp;ssl=1\" data-orig-size=\"425,631\" data-comments-opened=\"1\" data-image-meta=\"{&quot;aperture&quot;:&quot;0&quot;,&quot;credit&quot;:&quot;&quot;,&quot;camera&quot;:&quot;&quot;,&quot;caption&quot;:&quot;&quot;,&quot;created_timestamp&quot;:&quot;0&quot;,&quot;copyright&quot;:&quot;&quot;,&quot;focal_length&quot;:&quot;0&quot;,&quot;iso&quot;:&quot;0&quot;,&quot;shutter_speed&quot;:&quot;0&quot;,&quot;title&quot;:&quot;&quot;,&quot;orientation&quot;:&quot;0&quot;}\" data-image-title=\"IMG-20180321-WA0053\" data-image-description=\"\" data-image-caption=\"\" data-large-file=\"https:\/\/i0.wp.com\/sandalio.org\/sw\/wp-content\/uploads\/2020\/08\/IMG-20180321-WA0053.jpg?fit=425%2C631&amp;ssl=1\" class=\"size-medium wp-image-273 alignright\" src=\"https:\/\/i0.wp.com\/sandalio.org\/sw\/wp-content\/uploads\/2020\/08\/IMG-20180321-WA0053-202x300.jpg?resize=202%2C300\" alt=\"\" width=\"202\" height=\"300\" srcset=\"https:\/\/i0.wp.com\/sandalio.org\/sw\/wp-content\/uploads\/2020\/08\/IMG-20180321-WA0053.jpg?resize=202%2C300&amp;ssl=1 202w, https:\/\/i0.wp.com\/sandalio.org\/sw\/wp-content\/uploads\/2020\/08\/IMG-20180321-WA0053.jpg?w=425&amp;ssl=1 425w\" sizes=\"(max-width: 202px) 100vw, 202px\" \/>AIRE PURO es lo que se respira cuando uno se eleva hacia las cumbres\u00a0<\/strong><strong>\u00a0y contempla este mundo desde otra perspectiva<\/strong>.<\/p>\n<p>Esta separaci\u00f3n temporal de nuestra vida cotidiana es, sobre todo oportuna y hasta necesaria, en tiempos de crisis o bien cuando necesitamos tomar decisiones que pueden cambiar el rumbo de nuestra vida. Desde nuestra sencilla experiencia <strong>ofrecemos un acompa\u00f1amiento confidencial y respetuoso y un asesoramiento personalizado para convertir las crisis en oportunidades y \u00a0ayudar en la toma de decisiones delicadas<\/strong>.<\/p>\n<p>Desde nuestra\u00a0<a href=\"http:\/\/www.caminoesperanza.com\/\"><strong>Asociaci\u00f3n Camino de Fe y Esperanza<\/strong><\/a>\u00a0ofrecemos la posibilidad de vivir unos d\u00edas en nuestra casa de acogida en Lloreda de Cay\u00f3n (Cantabr\u00eda), en un ambiente comunitario y \u00abrespirando\u00bb otra forma diferente de ver la vida y de valorarnos a nosotros mismos y a los dem\u00e1s. \u00danicamente se pide a cambio disponibilidad para integrarse en la convivencia y el funcionamiento diario de la casa.<\/p>\n<p>Esta invitaci\u00f3n es tanto para personas como para familias y grupos peque\u00f1os. Si \u00e9stos son m\u00e1s numerosos, <strong>aunque son bienvenidos para compartir inquietudes, cuestionamientos y experiencias<\/strong>, sin embargo, \u00a0no les podemos ofrecer alojamiento ni comida.<\/p>\n","protected":false},"excerpt":{"rendered":"<p>En nuestro mundo occidental hay -en muchas personas- una gran necesidad de recuperar el esp\u00edritu y elevarse hacia las cumbres de la vida, para mirar desde otra perspectiva los acontecimientos que ocurren a nuestro alrededor y en nuestra propia realidad. Esta necesidad se hace m\u00e1s dif\u00edcil de satisfacer cuanto m\u00e1s atrapados nos sentimos por el [&hellip;]<\/p>\n","protected":false},"author":1,"featured_media":234,"parent":0,"menu_order":0,"comment_status":"closed","ping_status":"closed","template":"","meta":{"jetpack_post_was_ever_published":false,"footnotes":""},"class_list":["post-28","page","type-page","status-publish","has-post-thumbnail","hentry"],"yoast_head":"<!-- This site is optimized with the Yoast SEO plugin v27.3 - https:\/\/yoast.com\/product\/yoast-seo-wordpress\/ -->\n<title>AIRE PURO - SANDALIO WEBSITE<\/title>\n<meta name=\"robots\" content=\"index, follow, max-snippet:-1, max-image-preview:large, max-video-preview:-1\" \/>\n<link rel=\"canonical\" href=\"https:\/\/sandalio.org\/sw\/aire-puro\/\" \/>\n<meta property=\"og:locale\" content=\"es_ES\" \/>\n<meta property=\"og:type\" content=\"article\" \/>\n<meta property=\"og:title\" content=\"AIRE PURO - SANDALIO WEBSITE\" \/>\n<meta property=\"og:description\" content=\"En nuestro mundo occidental hay -en muchas personas- una gran necesidad de recuperar el esp\u00edritu y elevarse hacia las cumbres de la vida, para mirar desde otra perspectiva los acontecimientos que ocurren a nuestro alrededor y en nuestra propia realidad. Esta necesidad se hace m\u00e1s dif\u00edcil de satisfacer cuanto m\u00e1s atrapados nos sentimos por el [&hellip;]\" \/>\n<meta property=\"og:url\" content=\"https:\/\/sandalio.org\/sw\/aire-puro\/\" \/>\n<meta property=\"og:site_name\" content=\"SANDALIO WEBSITE\" \/>\n<meta property=\"article:modified_time\" content=\"2020-08-25T21:47:55+00:00\" \/>\n<meta property=\"og:image\" content=\"https:\/\/i0.wp.com\/sandalio.org\/sw\/wp-content\/uploads\/2020\/08\/airepuro.jpg?fit=1440%2C917&ssl=1\" \/>\n\t<meta property=\"og:image:width\" content=\"1440\" \/>\n\t<meta property=\"og:image:height\" content=\"917\" \/>\n\t<meta property=\"og:image:type\" content=\"image\/jpeg\" \/>\n<meta name=\"twitter:card\" content=\"summary_large_image\" \/>\n<meta name=\"twitter:label1\" content=\"Tiempo de lectura\" \/>\n\t<meta name=\"twitter:data1\" content=\"2 minutos\" \/>\n<script type=\"application\/ld+json\" class=\"yoast-schema-graph\">{\"@context\":\"https:\\\/\\\/schema.org\",\"@graph\":[{\"@type\":\"WebPage\",\"@id\":\"https:\\\/\\\/sandalio.org\\\/sw\\\/aire-puro\\\/\",\"url\":\"https:\\\/\\\/sandalio.org\\\/sw\\\/aire-puro\\\/\",\"name\":\"AIRE PURO - SANDALIO WEBSITE\",\"isPartOf\":{\"@id\":\"https:\\\/\\\/sandalio.org\\\/sw\\\/#website\"},\"primaryImageOfPage\":{\"@id\":\"https:\\\/\\\/sandalio.org\\\/sw\\\/aire-puro\\\/#primaryimage\"},\"image\":{\"@id\":\"https:\\\/\\\/sandalio.org\\\/sw\\\/aire-puro\\\/#primaryimage\"},\"thumbnailUrl\":\"https:\\\/\\\/i0.wp.com\\\/sandalio.org\\\/sw\\\/wp-content\\\/uploads\\\/2020\\\/08\\\/airepuro.jpg?fit=1440%2C917&ssl=1\",\"datePublished\":\"2019-01-04T10:10:27+00:00\",\"dateModified\":\"2020-08-25T21:47:55+00:00\",\"breadcrumb\":{\"@id\":\"https:\\\/\\\/sandalio.org\\\/sw\\\/aire-puro\\\/#breadcrumb\"},\"inLanguage\":\"es\",\"potentialAction\":[{\"@type\":\"ReadAction\",\"target\":[\"https:\\\/\\\/sandalio.org\\\/sw\\\/aire-puro\\\/\"]}]},{\"@type\":\"ImageObject\",\"inLanguage\":\"es\",\"@id\":\"https:\\\/\\\/sandalio.org\\\/sw\\\/aire-puro\\\/#primaryimage\",\"url\":\"https:\\\/\\\/i0.wp.com\\\/sandalio.org\\\/sw\\\/wp-content\\\/uploads\\\/2020\\\/08\\\/airepuro.jpg?fit=1440%2C917&ssl=1\",\"contentUrl\":\"https:\\\/\\\/i0.wp.com\\\/sandalio.org\\\/sw\\\/wp-content\\\/uploads\\\/2020\\\/08\\\/airepuro.jpg?fit=1440%2C917&ssl=1\",\"width\":1440,\"height\":917,\"caption\":\"Autumn landscape in the Botanical park in Palanga, Lithuania. Tranquil water in the pond, white bridge, green and yellow trees.\"},{\"@type\":\"BreadcrumbList\",\"@id\":\"https:\\\/\\\/sandalio.org\\\/sw\\\/aire-puro\\\/#breadcrumb\",\"itemListElement\":[{\"@type\":\"ListItem\",\"position\":1,\"name\":\"Portada\",\"item\":\"https:\\\/\\\/sandalio.org\\\/sw\\\/\"},{\"@type\":\"ListItem\",\"position\":2,\"name\":\"AIRE PURO\"}]},{\"@type\":\"WebSite\",\"@id\":\"https:\\\/\\\/sandalio.org\\\/sw\\\/#website\",\"url\":\"https:\\\/\\\/sandalio.org\\\/sw\\\/\",\"name\":\"SANDALIO WEBSITE\",\"description\":\"SANDALIO - LU\u00cdS CAMPUZANO\",\"publisher\":{\"@id\":\"https:\\\/\\\/sandalio.org\\\/sw\\\/#organization\"},\"potentialAction\":[{\"@type\":\"SearchAction\",\"target\":{\"@type\":\"EntryPoint\",\"urlTemplate\":\"https:\\\/\\\/sandalio.org\\\/sw\\\/?s={search_term_string}\"},\"query-input\":{\"@type\":\"PropertyValueSpecification\",\"valueRequired\":true,\"valueName\":\"search_term_string\"}}],\"inLanguage\":\"es\"},{\"@type\":\"Organization\",\"@id\":\"https:\\\/\\\/sandalio.org\\\/sw\\\/#organization\",\"name\":\"SANDALIO WEBSITE\",\"url\":\"https:\\\/\\\/sandalio.org\\\/sw\\\/\",\"logo\":{\"@type\":\"ImageObject\",\"inLanguage\":\"es\",\"@id\":\"https:\\\/\\\/sandalio.org\\\/sw\\\/#\\\/schema\\\/logo\\\/image\\\/\",\"url\":\"https:\\\/\\\/i0.wp.com\\\/sandalio.org\\\/sw\\\/wp-content\\\/uploads\\\/2019\\\/01\\\/logoasociacion_cdfye_web.png?fit=600%2C597&ssl=1\",\"contentUrl\":\"https:\\\/\\\/i0.wp.com\\\/sandalio.org\\\/sw\\\/wp-content\\\/uploads\\\/2019\\\/01\\\/logoasociacion_cdfye_web.png?fit=600%2C597&ssl=1\",\"width\":600,\"height\":597,\"caption\":\"SANDALIO WEBSITE\"},\"image\":{\"@id\":\"https:\\\/\\\/sandalio.org\\\/sw\\\/#\\\/schema\\\/logo\\\/image\\\/\"}}]}<\/script>\n<!-- \/ Yoast SEO plugin. -->","yoast_head_json":{"title":"AIRE PURO - SANDALIO WEBSITE","robots":{"index":"index","follow":"follow","max-snippet":"max-snippet:-1","max-image-preview":"max-image-preview:large","max-video-preview":"max-video-preview:-1"},"canonical":"https:\/\/sandalio.org\/sw\/aire-puro\/","og_locale":"es_ES","og_type":"article","og_title":"AIRE PURO - SANDALIO WEBSITE","og_description":"En nuestro mundo occidental hay -en muchas personas- una gran necesidad de recuperar el esp\u00edritu y elevarse hacia las cumbres de la vida, para mirar desde otra perspectiva los acontecimientos que ocurren a nuestro alrededor y en nuestra propia realidad. Esta necesidad se hace m\u00e1s dif\u00edcil de satisfacer cuanto m\u00e1s atrapados nos sentimos por el [&hellip;]","og_url":"https:\/\/sandalio.org\/sw\/aire-puro\/","og_site_name":"SANDALIO WEBSITE","article_modified_time":"2020-08-25T21:47:55+00:00","og_image":[{"width":1440,"height":917,"url":"https:\/\/i0.wp.com\/sandalio.org\/sw\/wp-content\/uploads\/2020\/08\/airepuro.jpg?fit=1440%2C917&ssl=1","type":"image\/jpeg"}],"twitter_card":"summary_large_image","twitter_misc":{"Tiempo de lectura":"2 minutos"},"schema":{"@context":"https:\/\/schema.org","@graph":[{"@type":"WebPage","@id":"https:\/\/sandalio.org\/sw\/aire-puro\/","url":"https:\/\/sandalio.org\/sw\/aire-puro\/","name":"AIRE PURO - SANDALIO WEBSITE","isPartOf":{"@id":"https:\/\/sandalio.org\/sw\/#website"},"primaryImageOfPage":{"@id":"https:\/\/sandalio.org\/sw\/aire-puro\/#primaryimage"},"image":{"@id":"https:\/\/sandalio.org\/sw\/aire-puro\/#primaryimage"},"thumbnailUrl":"https:\/\/i0.wp.com\/sandalio.org\/sw\/wp-content\/uploads\/2020\/08\/airepuro.jpg?fit=1440%2C917&ssl=1","datePublished":"2019-01-04T10:10:27+00:00","dateModified":"2020-08-25T21:47:55+00:00","breadcrumb":{"@id":"https:\/\/sandalio.org\/sw\/aire-puro\/#breadcrumb"},"inLanguage":"es","potentialAction":[{"@type":"ReadAction","target":["https:\/\/sandalio.org\/sw\/aire-puro\/"]}]},{"@type":"ImageObject","inLanguage":"es","@id":"https:\/\/sandalio.org\/sw\/aire-puro\/#primaryimage","url":"https:\/\/i0.wp.com\/sandalio.org\/sw\/wp-content\/uploads\/2020\/08\/airepuro.jpg?fit=1440%2C917&ssl=1","contentUrl":"https:\/\/i0.wp.com\/sandalio.org\/sw\/wp-content\/uploads\/2020\/08\/airepuro.jpg?fit=1440%2C917&ssl=1","width":1440,"height":917,"caption":"Autumn landscape in the Botanical park in Palanga, Lithuania. Tranquil water in the pond, white bridge, green and yellow trees."},{"@type":"BreadcrumbList","@id":"https:\/\/sandalio.org\/sw\/aire-puro\/#breadcrumb","itemListElement":[{"@type":"ListItem","position":1,"name":"Portada","item":"https:\/\/sandalio.org\/sw\/"},{"@type":"ListItem","position":2,"name":"AIRE PURO"}]},{"@type":"WebSite","@id":"https:\/\/sandalio.org\/sw\/#website","url":"https:\/\/sandalio.org\/sw\/","name":"SANDALIO WEBSITE","description":"SANDALIO - LU\u00cdS CAMPUZANO","publisher":{"@id":"https:\/\/sandalio.org\/sw\/#organization"},"potentialAction":[{"@type":"SearchAction","target":{"@type":"EntryPoint","urlTemplate":"https:\/\/sandalio.org\/sw\/?s={search_term_string}"},"query-input":{"@type":"PropertyValueSpecification","valueRequired":true,"valueName":"search_term_string"}}],"inLanguage":"es"},{"@type":"Organization","@id":"https:\/\/sandalio.org\/sw\/#organization","name":"SANDALIO WEBSITE","url":"https:\/\/sandalio.org\/sw\/","logo":{"@type":"ImageObject","inLanguage":"es","@id":"https:\/\/sandalio.org\/sw\/#\/schema\/logo\/image\/","url":"https:\/\/i0.wp.com\/sandalio.org\/sw\/wp-content\/uploads\/2019\/01\/logoasociacion_cdfye_web.png?fit=600%2C597&ssl=1","contentUrl":"https:\/\/i0.wp.com\/sandalio.org\/sw\/wp-content\/uploads\/2019\/01\/logoasociacion_cdfye_web.png?fit=600%2C597&ssl=1","width":600,"height":597,"caption":"SANDALIO WEBSITE"},"image":{"@id":"https:\/\/sandalio.org\/sw\/#\/schema\/logo\/image\/"}}]}},"jetpack_sharing_enabled":true,"jetpack_shortlink":"https:\/\/wp.me\/PabpdT-s","jetpack-related-posts":[{"id":357,"url":"https:\/\/sandalio.org\/sw\/escuela-de-hospitalidad\/","url_meta":{"origin":28,"position":0},"title":"ESCUELA DE HOSPITALIDAD","author":"kalonso","date":"10 diciembre, 2020","format":false,"excerpt":"AIRE PURO En nuestro mundo occidental hay -en muchas personas- una gran necesidad de recuperar el esp\u00edritu y elevarse hacia las cumbres de la vida, para mirar desde otra perspectiva los acontecimientos que ocurren a nuestro alrededor y en nuestra propia realidad. Leer m\u00e1s... ATENCI\u00d3N A LOS N\u00c1UFRAGOS En nuestro\u2026","rel":"","context":"Entrada similar","block_context":{"text":"Entrada similar","link":""},"img":{"alt_text":"","src":"https:\/\/i0.wp.com\/sandalio.org\/sw\/wp-content\/uploads\/2021\/03\/manos-e1616101290470.jpg?fit=1200%2C189&ssl=1&resize=350%2C200","width":350,"height":200,"srcset":"https:\/\/i0.wp.com\/sandalio.org\/sw\/wp-content\/uploads\/2021\/03\/manos-e1616101290470.jpg?fit=1200%2C189&ssl=1&resize=350%2C200 1x, https:\/\/i0.wp.com\/sandalio.org\/sw\/wp-content\/uploads\/2021\/03\/manos-e1616101290470.jpg?fit=1200%2C189&ssl=1&resize=525%2C300 1.5x, https:\/\/i0.wp.com\/sandalio.org\/sw\/wp-content\/uploads\/2021\/03\/manos-e1616101290470.jpg?fit=1200%2C189&ssl=1&resize=700%2C400 2x, https:\/\/i0.wp.com\/sandalio.org\/sw\/wp-content\/uploads\/2021\/03\/manos-e1616101290470.jpg?fit=1200%2C189&ssl=1&resize=1050%2C600 3x"},"classes":[]},{"id":614,"url":"https:\/\/sandalio.org\/sw\/para-aprendices-y-buscadores-compartir-experiencias\/","url_meta":{"origin":28,"position":1},"title":"Para APRENDICES Y BUSCADORES: compartir experiencias\u200b","author":"kalonso","date":"18 marzo, 2021","format":false,"excerpt":"\"LO QUE NO VALE PARA TODOS... REALMENTE VALE MUY POCO\" La experiencia nos dice que la sociedad actual, por lo menos en esta cultura occidental que nos ha tocado vivir, ha desplegado todos sus recursos para vaciar a los seres humanos de su propia\u00a0IDENTIDAD, donde radica su\u00a0autenticidad\u00a0y su\u00a0fuerza,\u00a0y convertirlos en\u2026","rel":"","context":"Entrada similar","block_context":{"text":"Entrada similar","link":""},"img":{"alt_text":"","src":"https:\/\/i0.wp.com\/sandalio.org\/sw\/wp-content\/uploads\/2021\/03\/buscador-scaled.jpg?fit=1200%2C800&ssl=1&resize=350%2C200","width":350,"height":200,"srcset":"https:\/\/i0.wp.com\/sandalio.org\/sw\/wp-content\/uploads\/2021\/03\/buscador-scaled.jpg?fit=1200%2C800&ssl=1&resize=350%2C200 1x, https:\/\/i0.wp.com\/sandalio.org\/sw\/wp-content\/uploads\/2021\/03\/buscador-scaled.jpg?fit=1200%2C800&ssl=1&resize=525%2C300 1.5x, https:\/\/i0.wp.com\/sandalio.org\/sw\/wp-content\/uploads\/2021\/03\/buscador-scaled.jpg?fit=1200%2C800&ssl=1&resize=700%2C400 2x, https:\/\/i0.wp.com\/sandalio.org\/sw\/wp-content\/uploads\/2021\/03\/buscador-scaled.jpg?fit=1200%2C800&ssl=1&resize=1050%2C600 3x"},"classes":[]},{"id":359,"url":"https:\/\/sandalio.org\/sw\/atencion-a-los-naufragos\/","url_meta":{"origin":28,"position":2},"title":"ATENCI\u00d3N A LOS NAUFRAGOS","author":"kalonso","date":"10 diciembre, 2020","format":false,"excerpt":"ATENCI\u00d3N A LOS NAUFRAGOS PARA QUE NO NOS DESHUMANICEMOS En nuestro tiempo es muy f\u00e1cil toparnos con la deshumanizaci\u00f3n a la que hemos llegado cuando contemplamos el fen\u00f3meno de la inmigraci\u00f3n y como la Uni\u00f3n Europea aparca todos los Derechos Humanos de los que tanto ha presumido para cerrar las\u2026","rel":"","context":"Entrada similar","block_context":{"text":"Entrada similar","link":""},"img":{"alt_text":"","src":"https:\/\/i0.wp.com\/sandalio.org\/sw\/wp-content\/uploads\/2024\/03\/cruzroja-e1710975235785.webp?fit=1024%2C343&ssl=1&resize=350%2C200","width":350,"height":200,"srcset":"https:\/\/i0.wp.com\/sandalio.org\/sw\/wp-content\/uploads\/2024\/03\/cruzroja-e1710975235785.webp?fit=1024%2C343&ssl=1&resize=350%2C200 1x, https:\/\/i0.wp.com\/sandalio.org\/sw\/wp-content\/uploads\/2024\/03\/cruzroja-e1710975235785.webp?fit=1024%2C343&ssl=1&resize=525%2C300 1.5x, https:\/\/i0.wp.com\/sandalio.org\/sw\/wp-content\/uploads\/2024\/03\/cruzroja-e1710975235785.webp?fit=1024%2C343&ssl=1&resize=700%2C400 2x"},"classes":[]},{"id":361,"url":"https:\/\/sandalio.org\/sw\/curar-esta-diversidad\/","url_meta":{"origin":28,"position":3},"title":"CURAR ESTA DIVERSIDAD","author":"kalonso","date":"10 diciembre, 2020","format":false,"excerpt":"\u00bfC\u00f3mo curar esa diversidad que tanto da\u00f1o nos hace? Despu\u00e9s de m\u00e1s de 35 a\u00f1os visitando c\u00e1rceles y chopanos (tugurios donde se refugian los que no tienen techo) y acogiendo en nuestra casa-comunidad a tant\u00edsimas personas que nos llegan, bien por circunstancias de la vida, bien por orden de la\u2026","rel":"","context":"Entrada similar","block_context":{"text":"Entrada similar","link":""},"img":{"alt_text":"","src":"","width":0,"height":0},"classes":[]},{"id":572,"url":"https:\/\/sandalio.org\/sw\/ley-y-carcel\/","url_meta":{"origin":28,"position":4},"title":"LEY Y C\u00c1RCEL","author":"kalonso","date":"18 febrero, 2021","format":false,"excerpt":"Vamos a comenzar este apartado sobre lo muy diferente que se ve la\u00a0realidad, ya sea del Sistema penal (la LEY) o del Sistema Penitenciario (la\u00a0CARCEL) seg\u00fan sea la perspectiva desde donde cada uno las mire.Por eso vamos a comenzar con tres art\u00edculos aparecidos en la revista CR\u00cdTICA (n\u00ba 973, mayo\u2026","rel":"","context":"Entrada similar","block_context":{"text":"Entrada similar","link":""},"img":{"alt_text":"","src":"https:\/\/i0.wp.com\/sandalio.org\/sw\/wp-content\/uploads\/2021\/03\/leycarcel-portada-e1616089173710.png?fit=941%2C477&ssl=1&resize=350%2C200","width":350,"height":200,"srcset":"https:\/\/i0.wp.com\/sandalio.org\/sw\/wp-content\/uploads\/2021\/03\/leycarcel-portada-e1616089173710.png?fit=941%2C477&ssl=1&resize=350%2C200 1x, https:\/\/i0.wp.com\/sandalio.org\/sw\/wp-content\/uploads\/2021\/03\/leycarcel-portada-e1616089173710.png?fit=941%2C477&ssl=1&resize=525%2C300 1.5x, https:\/\/i0.wp.com\/sandalio.org\/sw\/wp-content\/uploads\/2021\/03\/leycarcel-portada-e1616089173710.png?fit=941%2C477&ssl=1&resize=700%2C400 2x"},"classes":[]},{"id":499,"url":"https:\/\/sandalio.org\/sw\/mirando-con-conocimiento\/","url_meta":{"origin":28,"position":5},"title":"MIRANDO CON CONOCIMIENTO","author":"kalonso","date":"18 febrero, 2021","format":false,"excerpt":"COMPROMISO Nuestro estar en el mundo no s\u00f3lo implica tener una tarea para estar ocupados y forjar una serie de relaciones humanas que nos ayuden a estar engarzados y escapar as\u00ed de la fragilidad individual y del individualismo ego\u00edsta y enfermizo.Nuestro estar en el mundo implica un compromiso: mejorarlo.Es muy\u2026","rel":"","context":"Entrada similar","block_context":{"text":"Entrada similar","link":""},"img":{"alt_text":"","src":"https:\/\/i0.wp.com\/sandalio.org\/sw\/wp-content\/uploads\/2020\/11\/100_0248-scaled.jpg?fit=1200%2C900&ssl=1&resize=350%2C200","width":350,"height":200,"srcset":"https:\/\/i0.wp.com\/sandalio.org\/sw\/wp-content\/uploads\/2020\/11\/100_0248-scaled.jpg?fit=1200%2C900&ssl=1&resize=350%2C200 1x, https:\/\/i0.wp.com\/sandalio.org\/sw\/wp-content\/uploads\/2020\/11\/100_0248-scaled.jpg?fit=1200%2C900&ssl=1&resize=525%2C300 1.5x, https:\/\/i0.wp.com\/sandalio.org\/sw\/wp-content\/uploads\/2020\/11\/100_0248-scaled.jpg?fit=1200%2C900&ssl=1&resize=700%2C400 2x, https:\/\/i0.wp.com\/sandalio.org\/sw\/wp-content\/uploads\/2020\/11\/100_0248-scaled.jpg?fit=1200%2C900&ssl=1&resize=1050%2C600 3x"},"classes":[]}],"_links":{"self":[{"href":"https:\/\/sandalio.org\/sw\/wp-json\/wp\/v2\/pages\/28","targetHints":{"allow":["GET"]}}],"collection":[{"href":"https:\/\/sandalio.org\/sw\/wp-json\/wp\/v2\/pages"}],"about":[{"href":"https:\/\/sandalio.org\/sw\/wp-json\/wp\/v2\/types\/page"}],"author":[{"embeddable":true,"href":"https:\/\/sandalio.org\/sw\/wp-json\/wp\/v2\/users\/1"}],"replies":[{"embeddable":true,"href":"https:\/\/sandalio.org\/sw\/wp-json\/wp\/v2\/comments?post=28"}],"version-history":[{"count":3,"href":"https:\/\/sandalio.org\/sw\/wp-json\/wp\/v2\/pages\/28\/revisions"}],"predecessor-version":[{"id":274,"href":"https:\/\/sandalio.org\/sw\/wp-json\/wp\/v2\/pages\/28\/revisions\/274"}],"wp:featuredmedia":[{"embeddable":true,"href":"https:\/\/sandalio.org\/sw\/wp-json\/wp\/v2\/media\/234"}],"wp:attachment":[{"href":"https:\/\/sandalio.org\/sw\/wp-json\/wp\/v2\/media?parent=28"}],"curies":[{"name":"wp","href":"https:\/\/api.w.org\/{rel}","templated":true}]}}