{"id":359,"date":"2020-12-10T16:29:55","date_gmt":"2020-12-10T16:29:55","guid":{"rendered":"https:\/\/sandalio.org\/sw\/?page_id=359"},"modified":"2024-03-20T22:51:34","modified_gmt":"2024-03-20T22:51:34","slug":"atencion-a-los-naufragos","status":"publish","type":"page","link":"https:\/\/sandalio.org\/sw\/atencion-a-los-naufragos\/","title":{"rendered":"ATENCI\u00d3N A LOS NAUFRAGOS"},"content":{"rendered":"\t\t<div data-elementor-type=\"wp-page\" data-elementor-id=\"359\" class=\"elementor elementor-359\" data-elementor-post-type=\"page\">\n\t\t\t\t\t\t<section class=\"elementor-section elementor-top-section elementor-element elementor-element-429f9dc elementor-section-boxed elementor-section-height-default elementor-section-height-default\" data-id=\"429f9dc\" data-element_type=\"section\" data-e-type=\"section\">\n\t\t\t\t\t\t<div class=\"elementor-container elementor-column-gap-default\">\n\t\t\t\t\t<div class=\"elementor-column elementor-col-100 elementor-top-column elementor-element elementor-element-79d4848\" data-id=\"79d4848\" data-element_type=\"column\" data-e-type=\"column\">\n\t\t\t<div class=\"elementor-widget-wrap elementor-element-populated\">\n\t\t\t\t\t\t<div class=\"elementor-element elementor-element-fd37544 elementor-widget elementor-widget-heading\" data-id=\"fd37544\" data-element_type=\"widget\" data-e-type=\"widget\" data-widget_type=\"heading.default\">\n\t\t\t\t<div class=\"elementor-widget-container\">\n\t\t\t\t\t<h2 class=\"elementor-heading-title elementor-size-default\">ATENCI\u00d3N A LOS NAUFRAGOS PARA QUE NO NOS DESHUMANICEMOS<\/h2>\t\t\t\t<\/div>\n\t\t\t\t<\/div>\n\t\t\t\t<div class=\"elementor-element elementor-element-97cf0d4 elementor-widget elementor-widget-text-editor\" data-id=\"97cf0d4\" data-element_type=\"widget\" data-e-type=\"widget\" data-widget_type=\"text-editor.default\">\n\t\t\t\t<div class=\"elementor-widget-container\">\n\t\t\t\t\t\t\t\t\t<p><span style=\"background-color: transparent; font-family: -apple-system, BlinkMacSystemFont, 'Segoe UI', Roboto, 'Helvetica Neue', Arial, 'Noto Sans', sans-serif; font-size: 1rem;\">En nuestro tiempo es muy f\u00e1cil toparnos con la deshumanizaci\u00f3n a la que hemos llegado cuando contemplamos el fen\u00f3meno de la inmigraci\u00f3n y como la Uni\u00f3n Europea aparca todos los Derechos Humanos de los que tanto ha presumido para cerrar las fronteras a los pobres que hemos fabricado en otros continentes. De esto trata mi novela <\/span><strong style=\"background-color: transparent; font-family: -apple-system, BlinkMacSystemFont, 'Segoe UI', Roboto, 'Helvetica Neue', Arial, 'Noto Sans', sans-serif; font-size: 1rem;\">\u201c\u00a1Ahora me toca a m\u00ed! Blog de Casimiro\u201d.<\/strong><\/p><p>Sin embargo, en este espacio queremos fijarnos en <strong>otros n\u00e1ufragos a los que ni siquiera vemos y en tantas personas que por ir tan \u201ca lo suyo\u201d no quieren ver m\u00e1s<\/strong>. Para explicarlo copiamos un art\u00edculo de Joaquin Garc\u00eda Roca*.\u00a0\u00a0<\/p><p style=\"padding-left: 280px;\">\u201cSe me ceg\u00f3 de pronto el paisaje m\u00e1s claro.<\/p><p style=\"padding-left: 280px;\">El mar de mis espejos se troc\u00f3 negra espuma<\/p><p style=\"padding-left: 280px;\">se detuvo el reloj que acortaba la noche<\/p><p style=\"padding-left: 280px;\">y chirriaron los goznes cerrando las salidas.<\/p><p style=\"padding-left: 280px;\">Te me volviste oscuro como el \u00e9bano y tanto<\/p><p style=\"padding-left: 280px;\">fue negra la negrura que enmarcaba tu rostro<\/p><p style=\"padding-left: 280px;\">que te perd\u00ed de vista, y ya no\u00a0 tengo<\/p><p style=\"padding-left: 280px;\">una brizna de luz, ni huellas, ni caminos\u2026<\/p><p style=\"padding-left: 280px;\">Y me duelen las manos de tantear tinieblas.\u201d<\/p><p style=\"padding-left: 560px;\">(Pilar Ibarra)<\/p><p>\u201cCuenta\u00a0 Barnes que hoy en d\u00eda, los barcos se han ido haciendo m\u00e1s grandes, mientras que las tripulaciones se vuelven cada vez m\u00e1s peque\u00f1as y todo se maneja mediante la tecnolog\u00eda. Se programa un ordenador en el Golfo P\u00e9rsico, o donde sea, y el buque se gobierna pr\u00e1cticamente solo hasta Londres o Sidney. Es mucho mejor para los armadores, que se ahorran un mont\u00f3n de dinero, y mucho mejor para la tripulaci\u00f3n, que s\u00f3lo tiene que preocuparse por combatir el aburrimiento y se pasa la mayor parte del tiempo bajo cubierta, bebiendo cerveza y viendo pel\u00edculas en v\u00eddeo.<\/p><p>En los viejos tiempos, siempre hab\u00eda alguien en la torre de vig\u00eda o en el puente, vigilando. Pero hoy, en los\u00a0 grandes buques, ya no hay vig\u00eda, sino que, de vez en cuando, alguien observa una pantalla llena de puntos luminosos m\u00f3viles.\u00a0 En los viejos tiempos, un n\u00e1ufrago a bordo de una peque\u00f1a balsa o de un bote, perdido en medio del mar, ten\u00eda algunas posibilidades de ser rescatado si un barco pasaba cerca de \u00e9l. Bastaba con que atara la camisa en lo alto del m\u00e1stil, agitara los brazos, se desga\u00f1itara gritando y disparara un cohete de se\u00f1ales para que el vig\u00eda de turno lo localizara.<\/p><p>Ahora puedes estar durante semanas a la deriva en el oc\u00e9ano y que los superpetroleros pasen de largo sin advertir tu presencia: el radar no te detecta, porque eres demasiado peque\u00f1o; tendr\u00e1s que confiar en que alguien inclinado sobre la barandilla de cubierta para aliviar su mareo, se percate de tu existencia.\u00a0 Seguramente abunden los casos de n\u00e1ufragos que en otro tiempo habr\u00edan sido salvados y a los que ahora nadie recoge; e incluso casos de personas que han sido atropelladas por los barcos que ellas cre\u00edan que acud\u00edan a rescatarlas.\u00a0 Trato de imaginar lo espantoso que puede ser la terrible espera\u2026 y luego, la sensaci\u00f3n de desolaci\u00f3n cuando el barco pasa de largo y no puedes hacer nada, porque todos tus gritos quedan ahogados por el ruido de los motores.<\/p><p>No pensamos en salvar a otras personas; seguimos navegando hacia adelante confiando en nuestras m\u00e1quinas. Todo el mundo est\u00e1 bajo cubierta, tom\u00e1ndose una cerveza con Greg.\u201d<\/p><p style=\"text-align: right;\">\u00a0\u00a0\u00a0\u00a0\u00a0\u00a0\u00a0\u00a0\u00a0\u00a0\u00a0\u00a0\u00a0\u00a0\u00a0\u00a0\u00a0\u00a0\u00a0\u00a0\u00a0\u00a0\u00a0\u00a0\u00a0\u00a0\u00a0\u00a0\u00a0\u00a0\u00a0\u00a0\u00a0\u00a0\u00a0\u00a0\u00a0\u00a0\u00a0\u00a0\u00a0\u00a0\u00a0\u00a0\u00a0\u00a0\u00a0\u00a0\u00a0\u00a0\u00a0\u00a0\u00a0\u00a0\u00a0\u00a0\u00a0\u00a0\u00a0\u00a0\u00a0\u00a0\u00a0\u00a0\u00a0\u00a0\u00a0\u00a0\u00a0\u00a0\u00a0\u00a0\u00a0\u00a0\u00a0\u00a0\u00a0\u00a0\u00a0\u00a0\u00a0\u00a0\u00a0\u00a0\u00a0\u00a0\u00a0\u00a0\u00a0\u00a0\u00a0\u00a0\u00a0\u00a0\u00a0\u00a0\u00a0\u00a0\u00a0\u00a0\u00a0\u00a0\u00a0\u00a0\u00a0 Joaquin Garcia Roca.<\/p><h2>RESUMIENDO:<\/h2><p>\u00a1Es tan importante conservar las proporciones humanas y la sensibilidad atenta para que\u00a0 no nos deshumanicemos!\u00a0 Atenci\u00f3n a lo peque\u00f1o, a la cercan\u00eda, de ah\u00ed nace la Esperanza\u2026<\/p><p>Si te sientes naufrago o no est\u00e1s dispuest@ a cerrar tus ojos ante la necesidad ajena, puedes compartir tus inquietudes y experiencias con nosotros\u2026 y explorar nuevas sendas.<\/p><p>Y porque nos falta a\u00fan mucho que aprender\u2026<\/p><p><em><strong>* NOTA:<\/strong>\u00a0<span style=\"background-color: transparent; font-family: -apple-system, BlinkMacSystemFont, 'Segoe UI', Roboto, 'Helvetica Neue', Arial, 'Noto Sans', sans-serif; font-size: 1rem;\">Aparecido en<\/span><span style=\"background-color: transparent; font-family: -apple-system, BlinkMacSystemFont, 'Segoe UI', Roboto, 'Helvetica Neue', Arial, 'Noto Sans', sans-serif; font-size: 1rem;\"><span style=\"font-weight: bolder;\">\u00a0UNIDAD Y LUCHA.\u00a0<\/span><\/span><span style=\"background-color: transparent; font-family: -apple-system, BlinkMacSystemFont, 'Segoe UI', Roboto, 'Helvetica Neue', Arial, 'Noto Sans', sans-serif; font-size: 1rem;\">Organo del Comit\u00e9 Central del Partido Comunista Obrero Espa\u00f1ol julio\/agosto 1993. n\u00ba 165 pg.13.)<\/span><\/em><\/p>\t\t\t\t\t\t\t\t<\/div>\n\t\t\t\t<\/div>\n\t\t\t\t\t<\/div>\n\t\t<\/div>\n\t\t\t\t\t<\/div>\n\t\t<\/section>\n\t\t\t\t<\/div>\n\t\t","protected":false},"excerpt":{"rendered":"<p>ATENCI\u00d3N A LOS NAUFRAGOS PARA QUE NO NOS DESHUMANICEMOS En nuestro tiempo es muy f\u00e1cil toparnos con la deshumanizaci\u00f3n a la que hemos llegado cuando contemplamos el fen\u00f3meno de la inmigraci\u00f3n y como la Uni\u00f3n Europea aparca todos los Derechos Humanos de los que tanto ha presumido para cerrar las fronteras a los pobres que [&hellip;]<\/p>\n","protected":false},"author":1,"featured_media":1025,"parent":0,"menu_order":0,"comment_status":"closed","ping_status":"closed","template":"","meta":{"jetpack_post_was_ever_published":false,"footnotes":""},"class_list":["post-359","page","type-page","status-publish","has-post-thumbnail","hentry"],"yoast_head":"<!-- This site is optimized with the Yoast SEO plugin v27.3 - https:\/\/yoast.com\/product\/yoast-seo-wordpress\/ -->\n<title>ATENCI\u00d3N A LOS NAUFRAGOS - SANDALIO WEBSITE<\/title>\n<meta name=\"robots\" content=\"index, follow, max-snippet:-1, max-image-preview:large, max-video-preview:-1\" \/>\n<link rel=\"canonical\" href=\"https:\/\/sandalio.org\/sw\/atencion-a-los-naufragos\/\" \/>\n<meta property=\"og:locale\" content=\"es_ES\" \/>\n<meta property=\"og:type\" content=\"article\" \/>\n<meta property=\"og:title\" content=\"ATENCI\u00d3N A LOS NAUFRAGOS - SANDALIO WEBSITE\" \/>\n<meta property=\"og:description\" content=\"ATENCI\u00d3N A LOS NAUFRAGOS PARA QUE NO NOS DESHUMANICEMOS En nuestro tiempo es muy f\u00e1cil toparnos con la deshumanizaci\u00f3n a la que hemos llegado cuando contemplamos el fen\u00f3meno de la inmigraci\u00f3n y como la Uni\u00f3n Europea aparca todos los Derechos Humanos de los que tanto ha presumido para cerrar las fronteras a los pobres que [&hellip;]\" \/>\n<meta property=\"og:url\" content=\"https:\/\/sandalio.org\/sw\/atencion-a-los-naufragos\/\" \/>\n<meta property=\"og:site_name\" content=\"SANDALIO WEBSITE\" \/>\n<meta property=\"article:modified_time\" content=\"2024-03-20T22:51:34+00:00\" \/>\n<meta property=\"og:image\" content=\"https:\/\/sandalio.org\/sw\/wp-content\/uploads\/2024\/03\/cruzroja.webp\" \/>\n\t<meta property=\"og:image:width\" content=\"1024\" \/>\n\t<meta property=\"og:image:height\" content=\"1024\" \/>\n\t<meta property=\"og:image:type\" content=\"image\/webp\" \/>\n<meta name=\"twitter:card\" content=\"summary_large_image\" \/>\n<meta name=\"twitter:label1\" content=\"Tiempo de lectura\" \/>\n\t<meta name=\"twitter:data1\" content=\"3 minutos\" \/>\n<script type=\"application\/ld+json\" class=\"yoast-schema-graph\">{\"@context\":\"https:\\\/\\\/schema.org\",\"@graph\":[{\"@type\":\"WebPage\",\"@id\":\"https:\\\/\\\/sandalio.org\\\/sw\\\/atencion-a-los-naufragos\\\/\",\"url\":\"https:\\\/\\\/sandalio.org\\\/sw\\\/atencion-a-los-naufragos\\\/\",\"name\":\"ATENCI\u00d3N A LOS NAUFRAGOS - SANDALIO WEBSITE\",\"isPartOf\":{\"@id\":\"https:\\\/\\\/sandalio.org\\\/sw\\\/#website\"},\"primaryImageOfPage\":{\"@id\":\"https:\\\/\\\/sandalio.org\\\/sw\\\/atencion-a-los-naufragos\\\/#primaryimage\"},\"image\":{\"@id\":\"https:\\\/\\\/sandalio.org\\\/sw\\\/atencion-a-los-naufragos\\\/#primaryimage\"},\"thumbnailUrl\":\"https:\\\/\\\/i0.wp.com\\\/sandalio.org\\\/sw\\\/wp-content\\\/uploads\\\/2024\\\/03\\\/cruzroja-e1710975235785.webp?fit=1024%2C343&ssl=1\",\"datePublished\":\"2020-12-10T16:29:55+00:00\",\"dateModified\":\"2024-03-20T22:51:34+00:00\",\"breadcrumb\":{\"@id\":\"https:\\\/\\\/sandalio.org\\\/sw\\\/atencion-a-los-naufragos\\\/#breadcrumb\"},\"inLanguage\":\"es\",\"potentialAction\":[{\"@type\":\"ReadAction\",\"target\":[\"https:\\\/\\\/sandalio.org\\\/sw\\\/atencion-a-los-naufragos\\\/\"]}]},{\"@type\":\"ImageObject\",\"inLanguage\":\"es\",\"@id\":\"https:\\\/\\\/sandalio.org\\\/sw\\\/atencion-a-los-naufragos\\\/#primaryimage\",\"url\":\"https:\\\/\\\/i0.wp.com\\\/sandalio.org\\\/sw\\\/wp-content\\\/uploads\\\/2024\\\/03\\\/cruzroja-e1710975235785.webp?fit=1024%2C343&ssl=1\",\"contentUrl\":\"https:\\\/\\\/i0.wp.com\\\/sandalio.org\\\/sw\\\/wp-content\\\/uploads\\\/2024\\\/03\\\/cruzroja-e1710975235785.webp?fit=1024%2C343&ssl=1\",\"width\":1024,\"height\":343},{\"@type\":\"BreadcrumbList\",\"@id\":\"https:\\\/\\\/sandalio.org\\\/sw\\\/atencion-a-los-naufragos\\\/#breadcrumb\",\"itemListElement\":[{\"@type\":\"ListItem\",\"position\":1,\"name\":\"Portada\",\"item\":\"https:\\\/\\\/sandalio.org\\\/sw\\\/\"},{\"@type\":\"ListItem\",\"position\":2,\"name\":\"ATENCI\u00d3N A LOS NAUFRAGOS\"}]},{\"@type\":\"WebSite\",\"@id\":\"https:\\\/\\\/sandalio.org\\\/sw\\\/#website\",\"url\":\"https:\\\/\\\/sandalio.org\\\/sw\\\/\",\"name\":\"SANDALIO WEBSITE\",\"description\":\"SANDALIO - LU\u00cdS CAMPUZANO\",\"publisher\":{\"@id\":\"https:\\\/\\\/sandalio.org\\\/sw\\\/#organization\"},\"potentialAction\":[{\"@type\":\"SearchAction\",\"target\":{\"@type\":\"EntryPoint\",\"urlTemplate\":\"https:\\\/\\\/sandalio.org\\\/sw\\\/?s={search_term_string}\"},\"query-input\":{\"@type\":\"PropertyValueSpecification\",\"valueRequired\":true,\"valueName\":\"search_term_string\"}}],\"inLanguage\":\"es\"},{\"@type\":\"Organization\",\"@id\":\"https:\\\/\\\/sandalio.org\\\/sw\\\/#organization\",\"name\":\"SANDALIO WEBSITE\",\"url\":\"https:\\\/\\\/sandalio.org\\\/sw\\\/\",\"logo\":{\"@type\":\"ImageObject\",\"inLanguage\":\"es\",\"@id\":\"https:\\\/\\\/sandalio.org\\\/sw\\\/#\\\/schema\\\/logo\\\/image\\\/\",\"url\":\"https:\\\/\\\/i0.wp.com\\\/sandalio.org\\\/sw\\\/wp-content\\\/uploads\\\/2019\\\/01\\\/logoasociacion_cdfye_web.png?fit=600%2C597&ssl=1\",\"contentUrl\":\"https:\\\/\\\/i0.wp.com\\\/sandalio.org\\\/sw\\\/wp-content\\\/uploads\\\/2019\\\/01\\\/logoasociacion_cdfye_web.png?fit=600%2C597&ssl=1\",\"width\":600,\"height\":597,\"caption\":\"SANDALIO WEBSITE\"},\"image\":{\"@id\":\"https:\\\/\\\/sandalio.org\\\/sw\\\/#\\\/schema\\\/logo\\\/image\\\/\"}}]}<\/script>\n<!-- \/ Yoast SEO plugin. -->","yoast_head_json":{"title":"ATENCI\u00d3N A LOS NAUFRAGOS - SANDALIO WEBSITE","robots":{"index":"index","follow":"follow","max-snippet":"max-snippet:-1","max-image-preview":"max-image-preview:large","max-video-preview":"max-video-preview:-1"},"canonical":"https:\/\/sandalio.org\/sw\/atencion-a-los-naufragos\/","og_locale":"es_ES","og_type":"article","og_title":"ATENCI\u00d3N A LOS NAUFRAGOS - SANDALIO WEBSITE","og_description":"ATENCI\u00d3N A LOS NAUFRAGOS PARA QUE NO NOS DESHUMANICEMOS En nuestro tiempo es muy f\u00e1cil toparnos con la deshumanizaci\u00f3n a la que hemos llegado cuando contemplamos el fen\u00f3meno de la inmigraci\u00f3n y como la Uni\u00f3n Europea aparca todos los Derechos Humanos de los que tanto ha presumido para cerrar las fronteras a los pobres que [&hellip;]","og_url":"https:\/\/sandalio.org\/sw\/atencion-a-los-naufragos\/","og_site_name":"SANDALIO WEBSITE","article_modified_time":"2024-03-20T22:51:34+00:00","og_image":[{"width":1024,"height":1024,"url":"https:\/\/sandalio.org\/sw\/wp-content\/uploads\/2024\/03\/cruzroja.webp","type":"image\/webp"}],"twitter_card":"summary_large_image","twitter_misc":{"Tiempo de lectura":"3 minutos"},"schema":{"@context":"https:\/\/schema.org","@graph":[{"@type":"WebPage","@id":"https:\/\/sandalio.org\/sw\/atencion-a-los-naufragos\/","url":"https:\/\/sandalio.org\/sw\/atencion-a-los-naufragos\/","name":"ATENCI\u00d3N A LOS NAUFRAGOS - SANDALIO WEBSITE","isPartOf":{"@id":"https:\/\/sandalio.org\/sw\/#website"},"primaryImageOfPage":{"@id":"https:\/\/sandalio.org\/sw\/atencion-a-los-naufragos\/#primaryimage"},"image":{"@id":"https:\/\/sandalio.org\/sw\/atencion-a-los-naufragos\/#primaryimage"},"thumbnailUrl":"https:\/\/i0.wp.com\/sandalio.org\/sw\/wp-content\/uploads\/2024\/03\/cruzroja-e1710975235785.webp?fit=1024%2C343&ssl=1","datePublished":"2020-12-10T16:29:55+00:00","dateModified":"2024-03-20T22:51:34+00:00","breadcrumb":{"@id":"https:\/\/sandalio.org\/sw\/atencion-a-los-naufragos\/#breadcrumb"},"inLanguage":"es","potentialAction":[{"@type":"ReadAction","target":["https:\/\/sandalio.org\/sw\/atencion-a-los-naufragos\/"]}]},{"@type":"ImageObject","inLanguage":"es","@id":"https:\/\/sandalio.org\/sw\/atencion-a-los-naufragos\/#primaryimage","url":"https:\/\/i0.wp.com\/sandalio.org\/sw\/wp-content\/uploads\/2024\/03\/cruzroja-e1710975235785.webp?fit=1024%2C343&ssl=1","contentUrl":"https:\/\/i0.wp.com\/sandalio.org\/sw\/wp-content\/uploads\/2024\/03\/cruzroja-e1710975235785.webp?fit=1024%2C343&ssl=1","width":1024,"height":343},{"@type":"BreadcrumbList","@id":"https:\/\/sandalio.org\/sw\/atencion-a-los-naufragos\/#breadcrumb","itemListElement":[{"@type":"ListItem","position":1,"name":"Portada","item":"https:\/\/sandalio.org\/sw\/"},{"@type":"ListItem","position":2,"name":"ATENCI\u00d3N A LOS NAUFRAGOS"}]},{"@type":"WebSite","@id":"https:\/\/sandalio.org\/sw\/#website","url":"https:\/\/sandalio.org\/sw\/","name":"SANDALIO WEBSITE","description":"SANDALIO - LU\u00cdS CAMPUZANO","publisher":{"@id":"https:\/\/sandalio.org\/sw\/#organization"},"potentialAction":[{"@type":"SearchAction","target":{"@type":"EntryPoint","urlTemplate":"https:\/\/sandalio.org\/sw\/?s={search_term_string}"},"query-input":{"@type":"PropertyValueSpecification","valueRequired":true,"valueName":"search_term_string"}}],"inLanguage":"es"},{"@type":"Organization","@id":"https:\/\/sandalio.org\/sw\/#organization","name":"SANDALIO WEBSITE","url":"https:\/\/sandalio.org\/sw\/","logo":{"@type":"ImageObject","inLanguage":"es","@id":"https:\/\/sandalio.org\/sw\/#\/schema\/logo\/image\/","url":"https:\/\/i0.wp.com\/sandalio.org\/sw\/wp-content\/uploads\/2019\/01\/logoasociacion_cdfye_web.png?fit=600%2C597&ssl=1","contentUrl":"https:\/\/i0.wp.com\/sandalio.org\/sw\/wp-content\/uploads\/2019\/01\/logoasociacion_cdfye_web.png?fit=600%2C597&ssl=1","width":600,"height":597,"caption":"SANDALIO WEBSITE"},"image":{"@id":"https:\/\/sandalio.org\/sw\/#\/schema\/logo\/image\/"}}]}},"jetpack_sharing_enabled":true,"jetpack_shortlink":"https:\/\/wp.me\/PabpdT-5N","jetpack-related-posts":[{"id":357,"url":"https:\/\/sandalio.org\/sw\/escuela-de-hospitalidad\/","url_meta":{"origin":359,"position":0},"title":"ESCUELA DE HOSPITALIDAD","author":"kalonso","date":"10 diciembre, 2020","format":false,"excerpt":"AIRE PURO En nuestro mundo occidental hay -en muchas personas- una gran necesidad de recuperar el esp\u00edritu y elevarse hacia las cumbres de la vida, para mirar desde otra perspectiva los acontecimientos que ocurren a nuestro alrededor y en nuestra propia realidad. Leer m\u00e1s... ATENCI\u00d3N A LOS N\u00c1UFRAGOS En nuestro\u2026","rel":"","context":"Entrada similar","block_context":{"text":"Entrada similar","link":""},"img":{"alt_text":"","src":"https:\/\/i0.wp.com\/sandalio.org\/sw\/wp-content\/uploads\/2021\/03\/manos-e1616101290470.jpg?fit=1200%2C189&ssl=1&resize=350%2C200","width":350,"height":200,"srcset":"https:\/\/i0.wp.com\/sandalio.org\/sw\/wp-content\/uploads\/2021\/03\/manos-e1616101290470.jpg?fit=1200%2C189&ssl=1&resize=350%2C200 1x, https:\/\/i0.wp.com\/sandalio.org\/sw\/wp-content\/uploads\/2021\/03\/manos-e1616101290470.jpg?fit=1200%2C189&ssl=1&resize=525%2C300 1.5x, https:\/\/i0.wp.com\/sandalio.org\/sw\/wp-content\/uploads\/2021\/03\/manos-e1616101290470.jpg?fit=1200%2C189&ssl=1&resize=700%2C400 2x, https:\/\/i0.wp.com\/sandalio.org\/sw\/wp-content\/uploads\/2021\/03\/manos-e1616101290470.jpg?fit=1200%2C189&ssl=1&resize=1050%2C600 3x"},"classes":[]},{"id":615,"url":"https:\/\/sandalio.org\/sw\/una-escuela-para-grupos\/","url_meta":{"origin":359,"position":1},"title":"UNA ESCUELA PARA  GRUPOS","author":"kalonso","date":"18 marzo, 2021","format":false,"excerpt":"\"NO IMPORTA LA EDAD NI LAS CAPACIDADESSINO LA OPOTUNIDADY TODO LO QUE INESPERADAMENTE NOS TRAE\" Cuando son grupos homog\u00e9neos (peque\u00f1os o grandes) los que est\u00e1n interesados en profundizar en esta materia, es importante ponerse de acuerdo en las expectativas de los que dirigen tales grupos para que nuestra colaboraci\u00f3n sea\u2026","rel":"","context":"Entrada similar","block_context":{"text":"Entrada similar","link":""},"img":{"alt_text":"","src":"https:\/\/i0.wp.com\/sandalio.org\/sw\/wp-content\/uploads\/2021\/03\/grupos-1.jpeg?fit=1200%2C800&ssl=1&resize=350%2C200","width":350,"height":200,"srcset":"https:\/\/i0.wp.com\/sandalio.org\/sw\/wp-content\/uploads\/2021\/03\/grupos-1.jpeg?fit=1200%2C800&ssl=1&resize=350%2C200 1x, https:\/\/i0.wp.com\/sandalio.org\/sw\/wp-content\/uploads\/2021\/03\/grupos-1.jpeg?fit=1200%2C800&ssl=1&resize=525%2C300 1.5x, https:\/\/i0.wp.com\/sandalio.org\/sw\/wp-content\/uploads\/2021\/03\/grupos-1.jpeg?fit=1200%2C800&ssl=1&resize=700%2C400 2x, https:\/\/i0.wp.com\/sandalio.org\/sw\/wp-content\/uploads\/2021\/03\/grupos-1.jpeg?fit=1200%2C800&ssl=1&resize=1050%2C600 3x"},"classes":[]},{"id":499,"url":"https:\/\/sandalio.org\/sw\/mirando-con-conocimiento\/","url_meta":{"origin":359,"position":2},"title":"MIRANDO CON CONOCIMIENTO","author":"kalonso","date":"18 febrero, 2021","format":false,"excerpt":"COMPROMISO Nuestro estar en el mundo no s\u00f3lo implica tener una tarea para estar ocupados y forjar una serie de relaciones humanas que nos ayuden a estar engarzados y escapar as\u00ed de la fragilidad individual y del individualismo ego\u00edsta y enfermizo.Nuestro estar en el mundo implica un compromiso: mejorarlo.Es muy\u2026","rel":"","context":"Entrada similar","block_context":{"text":"Entrada similar","link":""},"img":{"alt_text":"","src":"https:\/\/i0.wp.com\/sandalio.org\/sw\/wp-content\/uploads\/2020\/11\/100_0248-scaled.jpg?fit=1200%2C900&ssl=1&resize=350%2C200","width":350,"height":200,"srcset":"https:\/\/i0.wp.com\/sandalio.org\/sw\/wp-content\/uploads\/2020\/11\/100_0248-scaled.jpg?fit=1200%2C900&ssl=1&resize=350%2C200 1x, https:\/\/i0.wp.com\/sandalio.org\/sw\/wp-content\/uploads\/2020\/11\/100_0248-scaled.jpg?fit=1200%2C900&ssl=1&resize=525%2C300 1.5x, https:\/\/i0.wp.com\/sandalio.org\/sw\/wp-content\/uploads\/2020\/11\/100_0248-scaled.jpg?fit=1200%2C900&ssl=1&resize=700%2C400 2x, https:\/\/i0.wp.com\/sandalio.org\/sw\/wp-content\/uploads\/2020\/11\/100_0248-scaled.jpg?fit=1200%2C900&ssl=1&resize=1050%2C600 3x"},"classes":[]},{"id":572,"url":"https:\/\/sandalio.org\/sw\/ley-y-carcel\/","url_meta":{"origin":359,"position":3},"title":"LEY Y C\u00c1RCEL","author":"kalonso","date":"18 febrero, 2021","format":false,"excerpt":"Vamos a comenzar este apartado sobre lo muy diferente que se ve la\u00a0realidad, ya sea del Sistema penal (la LEY) o del Sistema Penitenciario (la\u00a0CARCEL) seg\u00fan sea la perspectiva desde donde cada uno las mire.Por eso vamos a comenzar con tres art\u00edculos aparecidos en la revista CR\u00cdTICA (n\u00ba 973, mayo\u2026","rel":"","context":"Entrada similar","block_context":{"text":"Entrada similar","link":""},"img":{"alt_text":"","src":"https:\/\/i0.wp.com\/sandalio.org\/sw\/wp-content\/uploads\/2021\/03\/leycarcel-portada-e1616089173710.png?fit=941%2C477&ssl=1&resize=350%2C200","width":350,"height":200,"srcset":"https:\/\/i0.wp.com\/sandalio.org\/sw\/wp-content\/uploads\/2021\/03\/leycarcel-portada-e1616089173710.png?fit=941%2C477&ssl=1&resize=350%2C200 1x, https:\/\/i0.wp.com\/sandalio.org\/sw\/wp-content\/uploads\/2021\/03\/leycarcel-portada-e1616089173710.png?fit=941%2C477&ssl=1&resize=525%2C300 1.5x, https:\/\/i0.wp.com\/sandalio.org\/sw\/wp-content\/uploads\/2021\/03\/leycarcel-portada-e1616089173710.png?fit=941%2C477&ssl=1&resize=700%2C400 2x"},"classes":[]},{"id":361,"url":"https:\/\/sandalio.org\/sw\/curar-esta-diversidad\/","url_meta":{"origin":359,"position":4},"title":"CURAR ESTA DIVERSIDAD","author":"kalonso","date":"10 diciembre, 2020","format":false,"excerpt":"\u00bfC\u00f3mo curar esa diversidad que tanto da\u00f1o nos hace? Despu\u00e9s de m\u00e1s de 35 a\u00f1os visitando c\u00e1rceles y chopanos (tugurios donde se refugian los que no tienen techo) y acogiendo en nuestra casa-comunidad a tant\u00edsimas personas que nos llegan, bien por circunstancias de la vida, bien por orden de la\u2026","rel":"","context":"Entrada similar","block_context":{"text":"Entrada similar","link":""},"img":{"alt_text":"","src":"","width":0,"height":0},"classes":[]},{"id":616,"url":"https:\/\/sandalio.org\/sw\/recursos-de-la-escuela-de-espiritualidad\/","url_meta":{"origin":359,"position":5},"title":"RECURSOS DE LA ESCUELA DE ESPIRITUALIDAD","author":"kalonso","date":"18 marzo, 2021","format":false,"excerpt":"Se ir\u00e1n a\u00f1adiendo m\u00e1s poco a poco... AUDIO-LIBROS:Serie de 4 cintas dialogadas con canciones y m\u00fasica intercaladas para despertar y alimentar la inquietud espiritual, ofrecer pautas para el camino de b\u00fasqueda de autenticidad y caminar hacia la comunidad. 1.- \u201cAmigo...\u00bfA d\u00f3nde vas?\u201dPrimera de la serie, dirigida a pararse y pensar\u2026","rel":"","context":"Entrada similar","block_context":{"text":"Entrada similar","link":""},"img":{"alt_text":"","src":"https:\/\/i0.wp.com\/sandalio.org\/sw\/wp-content\/uploads\/2021\/03\/LAPICES-scaled.jpg?fit=1200%2C577&ssl=1&resize=350%2C200","width":350,"height":200,"srcset":"https:\/\/i0.wp.com\/sandalio.org\/sw\/wp-content\/uploads\/2021\/03\/LAPICES-scaled.jpg?fit=1200%2C577&ssl=1&resize=350%2C200 1x, https:\/\/i0.wp.com\/sandalio.org\/sw\/wp-content\/uploads\/2021\/03\/LAPICES-scaled.jpg?fit=1200%2C577&ssl=1&resize=525%2C300 1.5x, https:\/\/i0.wp.com\/sandalio.org\/sw\/wp-content\/uploads\/2021\/03\/LAPICES-scaled.jpg?fit=1200%2C577&ssl=1&resize=700%2C400 2x, https:\/\/i0.wp.com\/sandalio.org\/sw\/wp-content\/uploads\/2021\/03\/LAPICES-scaled.jpg?fit=1200%2C577&ssl=1&resize=1050%2C600 3x"},"classes":[]}],"_links":{"self":[{"href":"https:\/\/sandalio.org\/sw\/wp-json\/wp\/v2\/pages\/359","targetHints":{"allow":["GET"]}}],"collection":[{"href":"https:\/\/sandalio.org\/sw\/wp-json\/wp\/v2\/pages"}],"about":[{"href":"https:\/\/sandalio.org\/sw\/wp-json\/wp\/v2\/types\/page"}],"author":[{"embeddable":true,"href":"https:\/\/sandalio.org\/sw\/wp-json\/wp\/v2\/users\/1"}],"replies":[{"embeddable":true,"href":"https:\/\/sandalio.org\/sw\/wp-json\/wp\/v2\/comments?post=359"}],"version-history":[{"count":26,"href":"https:\/\/sandalio.org\/sw\/wp-json\/wp\/v2\/pages\/359\/revisions"}],"predecessor-version":[{"id":1026,"href":"https:\/\/sandalio.org\/sw\/wp-json\/wp\/v2\/pages\/359\/revisions\/1026"}],"wp:featuredmedia":[{"embeddable":true,"href":"https:\/\/sandalio.org\/sw\/wp-json\/wp\/v2\/media\/1025"}],"wp:attachment":[{"href":"https:\/\/sandalio.org\/sw\/wp-json\/wp\/v2\/media?parent=359"}],"curies":[{"name":"wp","href":"https:\/\/api.w.org\/{rel}","templated":true}]}}